{"id":7047,"date":"2024-08-22T13:37:24","date_gmt":"2024-08-22T11:37:24","guid":{"rendered":"https:\/\/joshuasnow.de\/?page_id=7047"},"modified":"2024-12-01T22:06:55","modified_gmt":"2024-12-01T21:06:55","slug":"so-bereiten-sie-sich-auf-ihre-massagebehandlung-vor","status":"publish","type":"page","link":"https:\/\/joshuasnow.de\/de\/so-bereiten-sie-sich-auf-ihre-massagebehandlung-vor\/","title":{"rendered":"So bereiten Sie sich auf Ihre Massagebehandlung vor"},"content":{"rendered":"\t\t<div data-elementor-type=\"wp-page\" data-elementor-id=\"7047\" class=\"elementor elementor-7047 elementor-6387\" data-elementor-post-type=\"page\">\n\t\t\t\t<div class=\"elementor-element elementor-element-cc5d744 e-flex e-con-boxed e-con e-parent\" data-id=\"cc5d744\" data-element_type=\"container\" data-e-type=\"container\">\n\t\t\t\t\t<div class=\"e-con-inner\">\n\t\t\t\t<div class=\"elementor-element elementor-element-ecd2449 elementor-widget elementor-widget-text-editor\" data-id=\"ecd2449\" data-element_type=\"widget\" data-e-type=\"widget\" data-widget_type=\"text-editor.default\">\n\t\t\t\t<div class=\"elementor-widget-container\">\n\t\t\t\t\t\t\t\t\t<h5>Der erste Schritt zur Genesung ist Bewusstsein.<\/h5>\t\t\t\t\t\t\t\t<\/div>\n\t\t\t\t<\/div>\n\t\t\t\t<div class=\"elementor-element elementor-element-04493a4 elementor-widget elementor-widget-spacer\" data-id=\"04493a4\" data-element_type=\"widget\" data-e-type=\"widget\" data-widget_type=\"spacer.default\">\n\t\t\t\t<div class=\"elementor-widget-container\">\n\t\t\t\t\t\t\t<div class=\"elementor-spacer\">\n\t\t\t<div class=\"elementor-spacer-inner\"><\/div>\n\t\t<\/div>\n\t\t\t\t\t\t<\/div>\n\t\t\t\t<\/div>\n\t\t\t\t\t<\/div>\n\t\t\t\t<\/div>\n\t\t<div class=\"elementor-element elementor-element-5d599cd e-flex e-con-boxed e-con e-parent\" data-id=\"5d599cd\" data-element_type=\"container\" data-e-type=\"container\">\n\t\t\t\t\t<div class=\"e-con-inner\">\n\t\t\t\t<div class=\"elementor-element elementor-element-7b342c2 elementor-widget elementor-widget-text-editor\" data-id=\"7b342c2\" data-element_type=\"widget\" data-e-type=\"widget\" data-widget_type=\"text-editor.default\">\n\t\t\t\t<div class=\"elementor-widget-container\">\n\t\t\t\t\t\t\t\t\t<p>Sich mental und physisch auf deinen Massage-Termin vorzubereiten, egal ob f\u00fcr Wellness oder Rehabilitation, ist eine tolle M\u00f6glichkeit, dein Erlebnis zu verbessern und die nat\u00fcrliche Heilung deines K\u00f6rpers zu unterst\u00fctzen.<\/p><p>F\u00fcr alle, die neu in der Massage-Therapie sind oder das Beste aus ihrer Sitzung herausholen m\u00f6chten, gibt es einige wichtige Punkte, die du beachten solltest.<\/p><p>Vermeide es, einen Termin direkt nach einem anstrengenden Workout oder w\u00e4hrend einer besonders hektischen Phase deines Tages zu planen. W\u00e4hle idealerweise eine Zeit, in der du danach entspannen kannst und nicht unter Zeitdruck stehst.<\/p><p>Was du vor deiner Massage isst und trinkst, ist ebenfalls wichtig. Wenn du vorher essen musst, halte die Mahlzeit leicht und vermeide schwere, reichhaltige Speisen innerhalb von zwei Stunden vor deinem Termin. Ein voller Magen kann beim Liegen auf der Massageliege unangenehm sein und dich davon ablenken, dich richtig zu entspannen. Wenn du hungrig bist, reicht ein leichter Snack, wie ein St\u00fcck Obst, vollkommen aus.<\/p>\t\t\t\t\t\t\t\t<\/div>\n\t\t\t\t<\/div>\n\t\t\t\t<div class=\"elementor-element elementor-element-a9a0a91 elementor-widget elementor-widget-spacer\" data-id=\"a9a0a91\" data-element_type=\"widget\" data-e-type=\"widget\" data-widget_type=\"spacer.default\">\n\t\t\t\t<div class=\"elementor-widget-container\">\n\t\t\t\t\t\t\t<div class=\"elementor-spacer\">\n\t\t\t<div class=\"elementor-spacer-inner\"><\/div>\n\t\t<\/div>\n\t\t\t\t\t\t<\/div>\n\t\t\t\t<\/div>\n\t\t\t\t\t<\/div>\n\t\t\t\t<\/div>\n\t\t<div class=\"elementor-element elementor-element-e1e933a e-flex e-con-boxed e-con e-parent\" data-id=\"e1e933a\" data-element_type=\"container\" data-e-type=\"container\">\n\t\t\t\t\t<div class=\"e-con-inner\">\n\t\t\t\t<div class=\"elementor-element elementor-element-1d572ac elementor-widget elementor-widget-heading\" data-id=\"1d572ac\" data-element_type=\"widget\" data-e-type=\"widget\" data-widget_type=\"heading.default\">\n\t\t\t\t<div class=\"elementor-widget-container\">\n\t\t\t\t\t<h2 class=\"elementor-heading-title elementor-size-default\">Atmungs kontrolle<\/h2>\t\t\t\t<\/div>\n\t\t\t\t<\/div>\n\t\t\t\t\t<\/div>\n\t\t\t\t<\/div>\n\t\t<div class=\"elementor-element elementor-element-fd0983d e-flex e-con-boxed e-con e-parent\" data-id=\"fd0983d\" data-element_type=\"container\" data-e-type=\"container\">\n\t\t\t\t\t<div class=\"e-con-inner\">\n\t\t\t\t<div class=\"elementor-element elementor-element-f71e4e0 elementor-widget elementor-widget-text-editor\" data-id=\"f71e4e0\" data-element_type=\"widget\" data-e-type=\"widget\" data-widget_type=\"text-editor.default\">\n\t\t\t\t<div class=\"elementor-widget-container\">\n\t\t\t\t\t\t\t\t\t<p>Der wichtigste Aspekt der Behandlung f\u00fcr den Patienten ist, sich auf einen gleichm\u00e4\u00dfigen Atemrhythmus zu konzentrieren. Richtiges Atmen mit dem Zwerchfell bedeutet, dass der K\u00f6rper das parasympathische Nervensystem aktiviert.<\/p><p>Effektives Atmen umfasst die Anpassung an die Bed\u00fcrfnisse des K\u00f6rpers und das Ausbalancieren der Sauerstoffaufnahme und des Kohlendioxidabbaus. Das ideale Atemmuster variiert je nach aktuellen Aktivit\u00e4ten, emotionalem Zustand und Gesundheitszustand. Hier sind einige interessante Mythen \u00fcber das Atmen.<\/p><p>Um sicherzustellen, dass du richtig und effizient atmest:<\/p><ol><li>Lege eine Hand auf deine Brust und die andere auf deinen Bauch.<\/li><li>Atme ein und aus.<\/li><li>Nur die untere Hand auf deinem Bauch sollte sich bewegen, w\u00e4hrend sich dein Zwerchfell dehnt, um die Lungen nach unten zu ziehen und zu f\u00fcllen, und dann kontrahiert, um die Lungen wieder zu entleeren.<\/li><\/ol><p>Laut aktueller Forschung sollten wir im Allgemeinen weniger atmen. W\u00e4hrend einer myotherapeutischen Behandlung kann es Momente geben, in denen es herausfordernd ist, sich auf das Atmen zu konzentrieren.<\/p><p>In Bezug auf Rehabilitation k\u00f6nnen k\u00f6rperliche diagnostische Tests zur Bewertung verschiedener Bedingungen schnell von der Atmung ablenken, insbesondere wenn das Gleichgewicht betroffen ist und\/oder Schmerzen ausgel\u00f6st werden.<\/p>\t\t\t\t\t\t\t\t<\/div>\n\t\t\t\t<\/div>\n\t\t\t\t\t<\/div>\n\t\t\t\t<\/div>\n\t\t<div class=\"elementor-element elementor-element-ff570f5 e-flex e-con-boxed e-con e-parent\" data-id=\"ff570f5\" data-element_type=\"container\" data-e-type=\"container\">\n\t\t\t\t\t<div class=\"e-con-inner\">\n\t\t<div class=\"elementor-element elementor-element-230806f e-con-full e-flex e-con e-child\" data-id=\"230806f\" data-element_type=\"container\" data-e-type=\"container\">\n\t\t\t\t<div class=\"elementor-element elementor-element-fd10c84 elementor-widget elementor-widget-image\" data-id=\"fd10c84\" data-element_type=\"widget\" data-e-type=\"widget\" data-widget_type=\"image.default\">\n\t\t\t\t<div class=\"elementor-widget-container\">\n\t\t\t\t\t\t\t\t\t\t\t\t\t\t\t<img fetchpriority=\"high\" decoding=\"async\" width=\"300\" height=\"200\" src=\"https:\/\/joshuasnow.de\/wp-content\/uploads\/2024\/09\/stopwatch-1.jpg\" class=\"attachment-large size-large wp-image-6727\" alt=\"\" srcset=\"https:\/\/joshuasnow.de\/wp-content\/uploads\/2024\/09\/stopwatch-1.jpg 300w, https:\/\/joshuasnow.de\/wp-content\/uploads\/2024\/09\/stopwatch-1-90x60.jpg 90w\" sizes=\"(max-width: 300px) 100vw, 300px\" \/>\t\t\t\t\t\t\t\t\t\t\t\t\t\t\t<\/div>\n\t\t\t\t<\/div>\n\t\t\t\t<\/div>\n\t\t<div class=\"elementor-element elementor-element-ead5fe6 e-con-full e-flex e-con e-child\" data-id=\"ead5fe6\" data-element_type=\"container\" data-e-type=\"container\">\n\t\t\t\t<div class=\"elementor-element elementor-element-7ed48ed elementor-widget elementor-widget-text-editor\" data-id=\"7ed48ed\" data-element_type=\"widget\" data-e-type=\"widget\" data-widget_type=\"text-editor.default\">\n\t\t\t\t<div class=\"elementor-widget-container\">\n\t\t\t\t\t\t\t\t\t<div class=\"flex max-w-full flex-col flex-grow\"><div class=\"min-h-[20px] text-message flex w-full flex-col items-end gap-2 whitespace-normal break-words [.text-message+&amp;]:mt-5\" dir=\"auto\" data-message-author-role=\"assistant\" data-message-id=\"5a2653ba-4519-4f18-91ff-e4231adba3b4\"><div class=\"flex w-full flex-col gap-1 empty:hidden first:pt-[3px]\"><div class=\"markdown prose w-full break-words dark:prose-invert dark\"><p>Was ist wichtiger, einzuatmen oder auszuatmen?<\/p><p>Wenn wir jedoch die Ausatmung verl\u00e4ngern, hat die Wissenschaft gezeigt, dass wir mehr Stickstoffmonoxid (NO) im Blut ansammeln k\u00f6nnen, was die W\u00e4nde der Arterien entspannt (Vasodilatation). Dies f\u00fchrt zu einer besseren Durchblutung und N\u00e4hrstoffversorgung, wodurch mehr Zellen erreicht werden und der gesamte K\u00f6rper effizienter gen\u00e4hrt und entspannt wird.<\/p><\/div><\/div><\/div><\/div><div class=\"mt-1 flex gap-3 empty:hidden -ml-2\"><div class=\"items-center justify-start rounded-xl p-1 flex\"><div class=\"flex items-center\">\u00a0<\/div><\/div><\/div>\t\t\t\t\t\t\t\t<\/div>\n\t\t\t\t<\/div>\n\t\t\t\t<\/div>\n\t\t\t\t\t<\/div>\n\t\t\t\t<\/div>\n\t\t<div class=\"elementor-element elementor-element-0a37d95 e-flex e-con-boxed e-con e-parent\" data-id=\"0a37d95\" data-element_type=\"container\" data-e-type=\"container\">\n\t\t\t\t\t<div class=\"e-con-inner\">\n\t\t\t\t<div class=\"elementor-element elementor-element-aa9530f elementor-widget elementor-widget-image\" data-id=\"aa9530f\" data-element_type=\"widget\" data-e-type=\"widget\" data-widget_type=\"image.default\">\n\t\t\t\t<div class=\"elementor-widget-container\">\n\t\t\t\t\t\t\t\t\t\t\t\t\t\t\t<img decoding=\"async\" width=\"1024\" height=\"683\" data-src=\"https:\/\/joshuasnow.de\/wp-content\/uploads\/2024\/12\/IMG_5897-1024x683.jpg\" class=\"attachment-large size-large wp-image-7311 lazyload\" alt=\"\" data-srcset=\"https:\/\/joshuasnow.de\/wp-content\/uploads\/2024\/12\/IMG_5897-1024x683.jpg 1024w, https:\/\/joshuasnow.de\/wp-content\/uploads\/2024\/12\/IMG_5897-300x200.jpg 300w, https:\/\/joshuasnow.de\/wp-content\/uploads\/2024\/12\/IMG_5897-768x512.jpg 768w, https:\/\/joshuasnow.de\/wp-content\/uploads\/2024\/12\/IMG_5897-1536x1024.jpg 1536w, https:\/\/joshuasnow.de\/wp-content\/uploads\/2024\/12\/IMG_5897-2048x1365.jpg 2048w, https:\/\/joshuasnow.de\/wp-content\/uploads\/2024\/12\/IMG_5897-90x60.jpg 90w, https:\/\/joshuasnow.de\/wp-content\/uploads\/2024\/12\/IMG_5897-370x247.jpg 370w, https:\/\/joshuasnow.de\/wp-content\/uploads\/2024\/12\/IMG_5897-776x517.jpg 776w\" data-sizes=\"(max-width: 1024px) 100vw, 1024px\" src=\"data:image\/svg+xml;base64,PHN2ZyB3aWR0aD0iMSIgaGVpZ2h0PSIxIiB4bWxucz0iaHR0cDovL3d3dy53My5vcmcvMjAwMC9zdmciPjwvc3ZnPg==\" style=\"--smush-placeholder-width: 1024px; --smush-placeholder-aspect-ratio: 1024\/683;\" \/>\t\t\t\t\t\t\t\t\t\t\t\t\t\t\t<\/div>\n\t\t\t\t<\/div>\n\t\t\t\t<div class=\"elementor-element elementor-element-1e9a2f7 elementor-widget elementor-widget-spacer\" data-id=\"1e9a2f7\" data-element_type=\"widget\" data-e-type=\"widget\" data-widget_type=\"spacer.default\">\n\t\t\t\t<div class=\"elementor-widget-container\">\n\t\t\t\t\t\t\t<div class=\"elementor-spacer\">\n\t\t\t<div class=\"elementor-spacer-inner\"><\/div>\n\t\t<\/div>\n\t\t\t\t\t\t<\/div>\n\t\t\t\t<\/div>\n\t\t\t\t\t<\/div>\n\t\t\t\t<\/div>\n\t\t<div class=\"elementor-element elementor-element-5db4ce4 e-flex e-con-boxed e-con e-parent\" data-id=\"5db4ce4\" data-element_type=\"container\" data-e-type=\"container\">\n\t\t\t\t\t<div class=\"e-con-inner\">\n\t\t\t\t<div class=\"elementor-element elementor-element-e0e1c7b elementor-widget elementor-widget-text-editor\" data-id=\"e0e1c7b\" data-element_type=\"widget\" data-e-type=\"widget\" data-widget_type=\"text-editor.default\">\n\t\t\t\t<div class=\"elementor-widget-container\">\n\t\t\t\t\t\t\t\t\t<p>Starke Parfums oder dicke Lotionen auf der Haut zu verzichten. Wenn du bestimmte Schuhe regelm\u00e4\u00dfig tr\u00e4gst, kann es auch hilfreich sein, diese mitzubringen, um eine genauere Ganganalyse zu machen.<\/p><p>Falls du bestimmte Verspannungen oder Beschwerden hast oder gesundheitliche Bedenken bestehen, teile dies unbedingt mit.<\/p><p>F\u00fcr diejenigen, die neu in der Massage sind, ist es v\u00f6llig normal, sich ein wenig nerv\u00f6s zu f\u00fchlen oder viele Fragen zu haben, besonders wenn man Schmerzen hat. Scheue dich nicht, nach dem Ablauf oder den Techniken zu fragen, falls du etwas unklar findest. Das Verst\u00e4ndnis dar\u00fcber, was passieren wird, kann helfen, \u00c4ngste abzubauen und dich entspannter zu machen.<\/p><p>Denke daran, dich auf deine Atmung zu konzentrieren \u2013 <strong>lange, langsame Ausatmungen. <span style=\"text-decoration: underline;\">Einatmen nur durch die Nase<\/span><\/strong><span style=\"text-decoration: underline;\">.<\/span><\/p><p>Bewusste Atmung mit verl\u00e4ngerten Ausatmungen und k\u00fcrzeren Einatmungen hilft dabei, die Muskeln, die die Wirbels\u00e4ule unterst\u00fctzen, zu dehnen und zu entspannen. Wenn die Atmung konstant bleibt und w\u00e4hrend der Behandlung nicht angehalten wird, verringert sich die Spannung im ganzen K\u00f6rper, was der Skelettstruktur mehr Flexibilit\u00e4t verleiht. Dadurch wird es leichter, Verspannungen zu erreichen, die sich m\u00f6glicherweise \u00fcber Jahre hinweg aufgebaut haben.<\/p>\t\t\t\t\t\t\t\t<\/div>\n\t\t\t\t<\/div>\n\t\t\t\t\t<\/div>\n\t\t\t\t<\/div>\n\t\t<div class=\"elementor-element elementor-element-437aa56 e-flex e-con-boxed e-con e-parent\" data-id=\"437aa56\" data-element_type=\"container\" data-e-type=\"container\">\n\t\t\t\t\t<div class=\"e-con-inner\">\n\t\t\t\t<div class=\"elementor-element elementor-element-dde48f1 elementor-widget elementor-widget-image\" data-id=\"dde48f1\" data-element_type=\"widget\" data-e-type=\"widget\" data-widget_type=\"image.default\">\n\t\t\t\t<div class=\"elementor-widget-container\">\n\t\t\t\t\t\t\t\t\t\t\t\t\t\t\t<img decoding=\"async\" width=\"1024\" height=\"683\" data-src=\"https:\/\/joshuasnow.de\/wp-content\/uploads\/2024\/08\/joshua-1571-1024x683.jpg\" class=\"attachment-large size-large wp-image-6208 lazyload\" alt=\"\" data-srcset=\"https:\/\/joshuasnow.de\/wp-content\/uploads\/2024\/08\/joshua-1571-1024x683.jpg 1024w, https:\/\/joshuasnow.de\/wp-content\/uploads\/2024\/08\/joshua-1571-300x200.jpg 300w, https:\/\/joshuasnow.de\/wp-content\/uploads\/2024\/08\/joshua-1571-768x512.jpg 768w, https:\/\/joshuasnow.de\/wp-content\/uploads\/2024\/08\/joshua-1571-1536x1025.jpg 1536w, https:\/\/joshuasnow.de\/wp-content\/uploads\/2024\/08\/joshua-1571-90x60.jpg 90w, https:\/\/joshuasnow.de\/wp-content\/uploads\/2024\/08\/joshua-1571-370x247.jpg 370w, https:\/\/joshuasnow.de\/wp-content\/uploads\/2024\/08\/joshua-1571-776x517.jpg 776w, https:\/\/joshuasnow.de\/wp-content\/uploads\/2024\/08\/joshua-1571.jpg 2000w\" data-sizes=\"(max-width: 1024px) 100vw, 1024px\" src=\"data:image\/svg+xml;base64,PHN2ZyB3aWR0aD0iMSIgaGVpZ2h0PSIxIiB4bWxucz0iaHR0cDovL3d3dy53My5vcmcvMjAwMC9zdmciPjwvc3ZnPg==\" style=\"--smush-placeholder-width: 1024px; --smush-placeholder-aspect-ratio: 1024\/683;\" \/>\t\t\t\t\t\t\t\t\t\t\t\t\t\t\t<\/div>\n\t\t\t\t<\/div>\n\t\t\t\t<div class=\"elementor-element elementor-element-1b1bad0 elementor-widget elementor-widget-spacer\" data-id=\"1b1bad0\" data-element_type=\"widget\" data-e-type=\"widget\" data-widget_type=\"spacer.default\">\n\t\t\t\t<div class=\"elementor-widget-container\">\n\t\t\t\t\t\t\t<div class=\"elementor-spacer\">\n\t\t\t<div class=\"elementor-spacer-inner\"><\/div>\n\t\t<\/div>\n\t\t\t\t\t\t<\/div>\n\t\t\t\t<\/div>\n\t\t\t\t\t<\/div>\n\t\t\t\t<\/div>\n\t\t<div class=\"elementor-element elementor-element-3cffbaf e-flex e-con-boxed e-con e-parent\" data-id=\"3cffbaf\" data-element_type=\"container\" data-e-type=\"container\">\n\t\t\t\t\t<div class=\"e-con-inner\">\n\t\t\t\t<div class=\"elementor-element elementor-element-4f25b21 elementor-widget elementor-widget-text-editor\" data-id=\"4f25b21\" data-element_type=\"widget\" data-e-type=\"widget\" data-widget_type=\"text-editor.default\">\n\t\t\t\t<div class=\"elementor-widget-container\">\n\t\t\t\t\t\t\t\t\t<p>Nach der Massage sollten Sie weiterhin viel Wasser trinken. Dies hilft, die aus Ihren Muskeln freigesetzten Toxine auszuschwemmen und unterst\u00fctzt die fortlaufende Hydratation. Das Einbeziehen von sanften Dehn\u00fcbungen in Ihre Routine kann ebenfalls helfen, die Flexibilit\u00e4t zu erhalten und Muskelverspannungen zu reduzieren. Regelm\u00e4\u00dfige k\u00f6rperliche Aktivit\u00e4t ist vorteilhaft, daher sollten Sie Ausdauer-, Kraft- und Flexibilit\u00e4tstraining kombinieren, um die allgemeine Muskelgesundheit zu unterst\u00fctzen.<\/p><p>Geben Sie Ihrem K\u00f6rper nach der Massage Zeit, sich zu erholen. Vermeiden Sie es, sich unmittelbar nach der Sitzung anstrengenden Aktivit\u00e4ten hinzugeben, um Ihren Muskeln die volle Erholung zu erm\u00f6glichen. Es ist normal, einige Muskelkater oder Empfindlichkeiten zu sp\u00fcren, insbesondere nach einer tiefen Massage. Diese sollten innerhalb von ein oder zwei Tagen nachlassen. Wenn Sie ungew\u00f6hnliche oder anhaltende Beschwerden haben, konsultieren Sie bitte Ihren Therapeuten.<\/p><p>Indem Sie sich sorgf\u00e4ltig vorbereiten und sich zwischen den Sitzungen gut um sich selbst k\u00fcmmern, k\u00f6nnen Sie nicht nur Ihr Massageerlebnis verbessern, sondern auch K\u00f6rper und Geist effektiver ins Gleichgewicht bringen, was Ihnen hilft, sich leichter zu heilen und zu reinigen.<\/p>\t\t\t\t\t\t\t\t<\/div>\n\t\t\t\t<\/div>\n\t\t\t\t\t<\/div>\n\t\t\t\t<\/div>\n\t\t<div class=\"elementor-element elementor-element-2219746 e-flex e-con-boxed e-con e-parent\" data-id=\"2219746\" data-element_type=\"container\" data-e-type=\"container\">\n\t\t\t\t\t<div class=\"e-con-inner\">\n\t\t\t\t<div class=\"elementor-element elementor-element-df2945e elementor-view-default elementor-widget elementor-widget-icon\" data-id=\"df2945e\" data-element_type=\"widget\" data-e-type=\"widget\" data-widget_type=\"icon.default\">\n\t\t\t\t<div class=\"elementor-widget-container\">\n\t\t\t\t\t\t\t<div class=\"elementor-icon-wrapper\">\n\t\t\t<a class=\"elementor-icon\" href=\"http:\/\/joshuasnow.de\/de\">\n\t\t\t<i aria-hidden=\"true\" class=\"fas fa-home\"><\/i>\t\t\t<\/a>\n\t\t<\/div>\n\t\t\t\t\t\t<\/div>\n\t\t\t\t<\/div>\n\t\t\t\t\t<\/div>\n\t\t\t\t<\/div>\n\t\t<div class=\"elementor-element elementor-element-d37d252 e-flex e-con-boxed e-con e-parent\" data-id=\"d37d252\" data-element_type=\"container\" data-e-type=\"container\">\n\t\t\t\t\t<div class=\"e-con-inner\">\n\t\t\t\t<div class=\"elementor-element elementor-element-f40f8d7 elementor-shape-circle elementor-grid-0 e-grid-align-center elementor-widget elementor-widget-global elementor-global-3251 elementor-widget-social-icons\" data-id=\"f40f8d7\" data-element_type=\"widget\" data-e-type=\"widget\" data-widget_type=\"social-icons.default\">\n\t\t\t\t<div class=\"elementor-widget-container\">\n\t\t\t\t\t\t\t<div class=\"elementor-social-icons-wrapper elementor-grid\" role=\"list\">\n\t\t\t\t\t\t\t<span class=\"elementor-grid-item\" role=\"listitem\">\n\t\t\t\t\t<a class=\"elementor-icon elementor-social-icon elementor-social-icon-instagram elementor-animation-pulse elementor-repeater-item-c8c6acb\" href=\"https:\/\/www.instagram.com\/joshuasnow.de\/\" target=\"_blank\">\n\t\t\t\t\t\t<span class=\"elementor-screen-only\">Instagram<\/span>\n\t\t\t\t\t\t<i aria-hidden=\"true\" class=\"fab fa-instagram\"><\/i>\t\t\t\t\t<\/a>\n\t\t\t\t<\/span>\n\t\t\t\t\t\t\t<span class=\"elementor-grid-item\" role=\"listitem\">\n\t\t\t\t\t<a class=\"elementor-icon elementor-social-icon elementor-social-icon-whatsapp elementor-animation-pulse elementor-repeater-item-8aea00c\" href=\"http:\/\/wa.link\/kfm1c3\" target=\"_blank\">\n\t\t\t\t\t\t<span class=\"elementor-screen-only\">Whatsapp<\/span>\n\t\t\t\t\t\t<i aria-hidden=\"true\" class=\"fab fa-whatsapp\"><\/i>\t\t\t\t\t<\/a>\n\t\t\t\t<\/span>\n\t\t\t\t\t<\/div>\n\t\t\t\t\t\t<\/div>\n\t\t\t\t<\/div>\n\t\t\t\t\t<\/div>\n\t\t\t\t<\/div>\n\t\t\t\t<\/div>\n\t\t","protected":false},"excerpt":{"rendered":"<p>Der erste Schritt zur Genesung ist Bewusstsein. Sich mental und physisch auf deinen Massage-Termin vorzubereiten, egal ob f\u00fcr Wellness oder Rehabilitation, ist eine tolle M\u00f6glichkeit, dein Erlebnis zu verbessern und &hellip; <\/p>\n","protected":false},"author":1,"featured_media":0,"parent":0,"menu_order":0,"comment_status":"closed","ping_status":"closed","template":"","meta":{"footnotes":""},"class_list":["post-7047","page","type-page","status-publish","hentry","latest_post"],"jetpack_sharing_enabled":true,"_links":{"self":[{"href":"https:\/\/joshuasnow.de\/de\/wp-json\/wp\/v2\/pages\/7047","targetHints":{"allow":["GET"]}}],"collection":[{"href":"https:\/\/joshuasnow.de\/de\/wp-json\/wp\/v2\/pages"}],"about":[{"href":"https:\/\/joshuasnow.de\/de\/wp-json\/wp\/v2\/types\/page"}],"author":[{"embeddable":true,"href":"https:\/\/joshuasnow.de\/de\/wp-json\/wp\/v2\/users\/1"}],"replies":[{"embeddable":true,"href":"https:\/\/joshuasnow.de\/de\/wp-json\/wp\/v2\/comments?post=7047"}],"version-history":[{"count":31,"href":"https:\/\/joshuasnow.de\/de\/wp-json\/wp\/v2\/pages\/7047\/revisions"}],"predecessor-version":[{"id":7340,"href":"https:\/\/joshuasnow.de\/de\/wp-json\/wp\/v2\/pages\/7047\/revisions\/7340"}],"wp:attachment":[{"href":"https:\/\/joshuasnow.de\/de\/wp-json\/wp\/v2\/media?parent=7047"}],"curies":[{"name":"wp","href":"https:\/\/api.w.org\/{rel}","templated":true}]}}