{"id":6705,"date":"2024-08-10T21:49:24","date_gmt":"2024-08-10T19:49:24","guid":{"rendered":"https:\/\/joshuasnow.de\/?page_id=6705"},"modified":"2025-02-21T00:30:41","modified_gmt":"2025-02-20T23:30:41","slug":"faszien","status":"publish","type":"page","link":"https:\/\/joshuasnow.de\/de\/faszien\/","title":{"rendered":"Faszien"},"content":{"rendered":"\t\t<div data-elementor-type=\"wp-page\" data-elementor-id=\"6705\" class=\"elementor elementor-6705 elementor-6301\" data-elementor-post-type=\"page\">\n\t\t\t\t<div class=\"elementor-element elementor-element-cc5c763 e-flex e-con-boxed e-con e-parent\" data-id=\"cc5c763\" data-element_type=\"container\" data-e-type=\"container\">\n\t\t\t\t\t<div class=\"e-con-inner\">\n\t\t\t\t<div class=\"elementor-element elementor-element-10fbfed elementor-widget elementor-widget-text-editor\" data-id=\"10fbfed\" data-element_type=\"widget\" data-e-type=\"widget\" data-widget_type=\"text-editor.default\">\n\t\t\t\t<div class=\"elementor-widget-container\">\n\t\t\t\t\t\t\t\t\t<p><span style=\"color: #b8a28e;\"><strong>Das Fasziensystem besteht aus einem dreidimensionalen Kontinuum aus weichen, kollagenhaltigen, lockeren und dichten faserigen Bindegeweben, die den K\u00f6rper durchdringen.<\/strong><\/span><\/p><div class=\"flex max-w-full flex-col flex-grow\"><div class=\"min-h-8 text-message flex w-full flex-col items-end gap-2 whitespace-normal break-words text-start [.text-message+&amp;]:mt-5\" dir=\"auto\" data-message-author-role=\"assistant\" data-message-id=\"b3206fbe-6eef-4092-9bdc-c7febc6d9637\" data-message-model-slug=\"gpt-4o-mini\"><div class=\"flex w-full flex-col gap-1 empty:hidden first:pt-[3px]\"><div class=\"markdown prose w-full break-words dark:prose-invert dark\"><p data-start=\"0\" data-end=\"157\" data-is-last-node=\"\" data-is-only-node=\"\">Faszien sind wie das ultimative Geschenkpapier, mit Autobahnen elektrischer Signale, die Nachrichten hin und her zum Gehirn senden, <br \/>mehr Signale als Muskeln.<\/p><\/div><\/div><\/div><\/div><div class=\"mb-2 flex gap-3 empty:hidden -ml-2\"><div class=\"items-center justify-start rounded-xl p-1 flex\"><div>\u00a0<\/div><div class=\"flex items-center\">Kollagenreiches Gewebe, das unter deiner Haut lebt und Muskeln, Organe und andere wichtige Teile umh\u00fcllt. Man kann es sich wie deinen pers\u00f6nlichen Organisator vorstellen, der daf\u00fcr sorgt, dass alles an seinem Platz bleibt und nicht durcheinanderger\u00e4t.<br \/><br \/><\/div><\/div><\/div><p>Es gibt drei Arten von Faszien:<\/p><p><strong>Oberfl\u00e4chliche Faszie:<\/strong> Diese Schicht liegt direkt unter deiner Haut und wirkt wie ein weiches Polster, das deine Haut unterst\u00fctzt und gl\u00e4ttet. Es ist wie die kuschelige Polsterung im Inneren einer neuen Jacke, die dich bequem und gesch\u00fctzt h\u00e4lt.<\/p><p><strong>Tiefe Faszie:<\/strong> Diese dichte, faserige Schicht umgibt und trennt deine Muskeln, Knochen, Nerven und Blutgef\u00e4\u00dfe. Sie ist wie ein superrobustes, elastisches Netz, das alles an seinem Platz h\u00e4lt, strukturelle Integrit\u00e4t bietet und Muskelgruppen voneinander abgrenzt.<\/p><p><strong>Viszerale Faszie:<\/strong> Diese Faszie befindet sich um deine inneren Organe und h\u00e4lt sie sicher an ihren vorgesehenen Pl\u00e4tzen in den K\u00f6rperh\u00f6hlen, \u00e4hnlich einem eingebauten Haltesystem, das alles im Gleichgewicht h\u00e4lt.<\/p><p>Faszie hilft den Muskeln, sanft zu gleiten, bew\u00e4ltigt mechanische Kr\u00e4fte und spielt eine entscheidende Rolle bei der Propriozeption (dem Wissen, wo sich die K\u00f6rperteile befinden) und der Schmerzwahrnehmung. Sie ist auch mit emotionalen und stressbedingten Reaktionen verbunden, was bedeutet, dass deine Faszie bei Anspannung oder Stress straff und unangenehm werden kann, was wiederum beeinflusst, wie du dich emotional und k\u00f6rperlich f\u00fchlst.<\/p><p>Faszie ist also mehr als nur ein unterst\u00fctzendes Gewebe \u2013 sie ist ein wichtiger Faktor f\u00fcr dein k\u00f6rperliches und emotionales Wohlbefinden und hilft dir, im Gleichgewicht zu bleiben und mit deinen inneren und \u00e4u\u00dferen Gef\u00fchlen in Einklang zu sein.<\/p>\t\t\t\t\t\t\t\t<\/div>\n\t\t\t\t<\/div>\n\t\t\t\t\t<\/div>\n\t\t\t\t<\/div>\n\t\t<div class=\"elementor-element elementor-element-5c25b35 e-flex e-con-boxed e-con e-parent\" data-id=\"5c25b35\" data-element_type=\"container\" data-e-type=\"container\">\n\t\t\t\t\t<div class=\"e-con-inner\">\n\t\t\t\t<div class=\"elementor-element elementor-element-5970d11 elementor-widget elementor-widget-text-editor\" data-id=\"5970d11\" data-element_type=\"widget\" data-e-type=\"widget\" data-widget_type=\"text-editor.default\">\n\t\t\t\t<div class=\"elementor-widget-container\">\n\t\t\t\t\t\t\t\t\t<p>Lies hier mehr dar\u00fcber, wie Faszien eine wichtige Rolle in der <strong>Schmerztherapie<\/strong> spielen.<br \/><a href=\"https:\/\/algesiologikum.de\/allgemeines\/faszientherapie-ein-gamechanger-in-der-schmerztherapie\" target=\"_blank\" rel=\"noopener\">https:\/\/algesiologikum.de\/allgemeines\/faszientherapie-ein-gamechanger-in-der-schmerztherapie<\/a><\/p>\t\t\t\t\t\t\t\t<\/div>\n\t\t\t\t<\/div>\n\t\t\t\t\t<\/div>\n\t\t\t\t<\/div>\n\t\t<div class=\"elementor-element elementor-element-550a540 e-flex e-con-boxed e-con e-parent\" data-id=\"550a540\" data-element_type=\"container\" data-e-type=\"container\">\n\t\t\t\t\t<div class=\"e-con-inner\">\n\t\t\t\t<div class=\"elementor-element elementor-element-b007dfd elementor-widget elementor-widget-spacer\" data-id=\"b007dfd\" data-element_type=\"widget\" data-e-type=\"widget\" data-widget_type=\"spacer.default\">\n\t\t\t\t<div class=\"elementor-widget-container\">\n\t\t\t\t\t\t\t<div class=\"elementor-spacer\">\n\t\t\t<div class=\"elementor-spacer-inner\"><\/div>\n\t\t<\/div>\n\t\t\t\t\t\t<\/div>\n\t\t\t\t<\/div>\n\t\t\t\t\t<\/div>\n\t\t\t\t<\/div>\n\t\t<div class=\"elementor-element elementor-element-440f213 e-flex e-con-boxed e-con e-parent\" data-id=\"440f213\" data-element_type=\"container\" data-e-type=\"container\">\n\t\t\t\t\t<div class=\"e-con-inner\">\n\t\t\t\t<div class=\"elementor-element elementor-element-5afa1ce elementor-widget elementor-widget-image\" data-id=\"5afa1ce\" data-element_type=\"widget\" data-e-type=\"widget\" data-widget_type=\"image.default\">\n\t\t\t\t<div class=\"elementor-widget-container\">\n\t\t\t\t\t\t\t\t\t\t\t\t\t\t\t\t<a href=\"https:\/\/www.youtube.com\/watch?v=eW0lvOVKDxE&#038;t=2s\" target=\"_blank\">\n\t\t\t\t\t\t\t<img fetchpriority=\"high\" decoding=\"async\" width=\"2560\" height=\"1258\" src=\"https:\/\/joshuasnow.de\/wp-content\/uploads\/2024\/08\/Fascia.jpeg\" class=\"attachment-full size-full wp-image-6303\" alt=\"\" srcset=\"https:\/\/joshuasnow.de\/wp-content\/uploads\/2024\/08\/Fascia.jpeg 2560w, https:\/\/joshuasnow.de\/wp-content\/uploads\/2024\/08\/Fascia-300x147.jpeg 300w, https:\/\/joshuasnow.de\/wp-content\/uploads\/2024\/08\/Fascia-1024x503.jpeg 1024w, https:\/\/joshuasnow.de\/wp-content\/uploads\/2024\/08\/Fascia-768x377.jpeg 768w, https:\/\/joshuasnow.de\/wp-content\/uploads\/2024\/08\/Fascia-1536x755.jpeg 1536w, https:\/\/joshuasnow.de\/wp-content\/uploads\/2024\/08\/Fascia-2048x1006.jpeg 2048w, https:\/\/joshuasnow.de\/wp-content\/uploads\/2024\/08\/Fascia-122x60.jpeg 122w\" sizes=\"(max-width: 2560px) 100vw, 2560px\" \/>\t\t\t\t\t\t\t\t<\/a>\n\t\t\t\t\t\t\t\t\t\t\t\t\t\t\t<\/div>\n\t\t\t\t<\/div>\n\t\t\t\t\t<\/div>\n\t\t\t\t<\/div>\n\t\t<div class=\"elementor-element elementor-element-2b36b46 e-flex e-con-boxed e-con e-parent\" data-id=\"2b36b46\" data-element_type=\"container\" data-e-type=\"container\">\n\t\t\t\t\t<div class=\"e-con-inner\">\n\t\t\t\t<div class=\"elementor-element elementor-element-af688e4 elementor-widget elementor-widget-text-editor\" data-id=\"af688e4\" data-element_type=\"widget\" data-e-type=\"widget\" data-widget_type=\"text-editor.default\">\n\t\t\t\t<div class=\"elementor-widget-container\">\n\t\t\t\t\t\t\t\t\t<p style=\"text-align: center;\">Foto: <a href=\"https:\/\/www.youtube.com\/watch?v=eW0lvOVKDxE&amp;t=2s\" target=\"_blank\" rel=\"noopener\">Strolling Under The Skin<\/a><\/p>\t\t\t\t\t\t\t\t<\/div>\n\t\t\t\t<\/div>\n\t\t\t\t\t<\/div>\n\t\t\t\t<\/div>\n\t\t<div class=\"elementor-element elementor-element-8c6b2de e-flex e-con-boxed e-con e-parent\" data-id=\"8c6b2de\" data-element_type=\"container\" data-e-type=\"container\">\n\t\t\t\t\t<div class=\"e-con-inner\">\n\t\t\t\t<div class=\"elementor-element elementor-element-8aa916b elementor-widget elementor-widget-spacer\" data-id=\"8aa916b\" data-element_type=\"widget\" data-e-type=\"widget\" data-widget_type=\"spacer.default\">\n\t\t\t\t<div class=\"elementor-widget-container\">\n\t\t\t\t\t\t\t<div class=\"elementor-spacer\">\n\t\t\t<div class=\"elementor-spacer-inner\"><\/div>\n\t\t<\/div>\n\t\t\t\t\t\t<\/div>\n\t\t\t\t<\/div>\n\t\t\t\t\t<\/div>\n\t\t\t\t<\/div>\n\t\t<div class=\"elementor-element elementor-element-c79ec9e e-flex e-con-boxed e-con e-parent\" data-id=\"c79ec9e\" data-element_type=\"container\" data-e-type=\"container\">\n\t\t\t\t\t<div class=\"e-con-inner\">\n\t\t\t\t<div class=\"elementor-element elementor-element-06846bc elementor-widget elementor-widget-text-editor\" data-id=\"06846bc\" data-element_type=\"widget\" data-e-type=\"widget\" data-widget_type=\"text-editor.default\">\n\t\t\t\t<div class=\"elementor-widget-container\">\n\t\t\t\t\t\t\t\t\t<div class=\"flex max-w-full flex-col flex-grow\"><p>\u00a0<\/p><div class=\"min-h-[20px] text-message flex w-full flex-col items-end gap-2 whitespace-normal break-words [.text-message+&amp;]:mt-5\" dir=\"auto\" data-message-author-role=\"assistant\" data-message-id=\"c462d981-d04a-437c-b2ad-f1f99cd443ea\"><div class=\"flex w-full flex-col gap-1 empty:hidden first:pt-[3px]\"><div class=\"markdown prose w-full break-words dark:prose-invert dark\"><p>Faszie wurde lange Zeit als eine Art Bindegewebe anerkannt, doch ihre Bedeutung und spezifischen Funktionen wurden erst k\u00fcrzlich gew\u00fcrdigt und erforscht. Fr\u00fchere anatomische Studien tendierten dazu, die Faszie zu \u00fcbersehen und sie lediglich als passives, inertes Gewebe zu betrachten, das Muskeln, Knochen und Organe umh\u00fcllt.<\/p><p>In den letzten Jahren hat jedoch das Bewusstsein f\u00fcr die dynamischen und aktiven Rollen der Faszie im K\u00f6rper zugenommen, einschlie\u00dflich ihrer Beteiligung an Bewegung, Propriozeption, Schmerzwahrnehmung und Immunregulation. Moderne Forschungen haben die komplexen biomechanischen und sensorischen Eigenschaften der Faszie beleuchtet, was zu einem umfassenderen Verst\u00e4ndnis ihrer Bedeutung f\u00fcr Gesundheit und Krankheit gef\u00fchrt hat.<\/p><p>Das erneute Interesse und die aufkommende Forschung zur Faszie haben ihre entscheidenden Rollen hervorgehoben und die historische Vernachl\u00e4ssigung ihrer Bedeutung als wichtigen Bestandteil des Bindegewebes im K\u00f6rper korrigiert.<\/p><p>Faszie ist nicht nur f\u00fcr die strukturelle Unterst\u00fctzung entscheidend, sondern auch f\u00fcr ihre sensorischen Funktionen.<\/p><h5 style=\"text-align: center;\"><strong><a href=\"https:\/\/www.fasciaresearch.de\/publications\/FaszienNS.pdf\" target=\"_blank\" rel=\"noopener\">Faszien enth\u00e4lt eine h\u00f6here Dichte an Sinnesrezeptoren im Vergleich zu Muskelgewebe.<\/a><br \/><br \/><\/strong><\/h5><p data-start=\"0\" data-end=\"687\">Die Faszie enth\u00e4lt eine Vielzahl von <a href=\"https:\/\/de.wikipedia.org\/wiki\/Mechanorezeptor\" target=\"_blank\" rel=\"noopener\"><strong>Mechanorezeptoren<\/strong><\/a>, wie Pacini-K\u00f6rperchen, Ruffini-Enden und Golgi-Sehnenorgane, die eine wesentliche Rolle bei der Wahrnehmung der K\u00f6rperposition und Bewegung spielen. Diese Rezeptoren sind in der Faszie besonders eng verteilt, wodurch sie sehr empfindlich auf Ver\u00e4nderungen in der Spannung und Bewegungen reagieren. <\/p><p data-start=\"689\" data-end=\"932\"><strong>Nozizeptoren<\/strong>: Faszie enth\u00e4lt auch eine hohe Anzahl von Nozizeptoren, die Schmerz erkennen. Die F\u00fclle dieser Rezeptoren in der Faszie bedeutet, dass sie \u00e4u\u00dferst empfindlich auf Schmerz und Entz\u00fcndungen reagiert, oft sogar mehr als Muskelgewebe.<\/p><p data-start=\"934\" data-end=\"1286\" data-is-last-node=\"\" data-is-only-node=\"\">Forschungen deuten darauf hin, dass die Anzahl der Sinnesrezeptoren, insbesondere derjenigen, die mechanische Ver\u00e4nderungen und Schmerz wahrnehmen, in der Faszie signifikant h\u00f6her ist als in der Muskulatur. Diese erh\u00f6hte Rezeptordichte in der Faszie tr\u00e4gt zu ihrer wesentlichen Rolle bei der sensorischen Wahrnehmung im K\u00f6rper bei.<\/p>Forschung zur Faszie wird von verschiedenen Forschern und Institutionen weltweit betrieben, darunter:<br \/><br \/><\/div><\/div><div class=\"flex w-full flex-col gap-1 empty:hidden first:pt-[3px]\"><div class=\"markdown prose w-full break-words dark:prose-invert dark\"><p><strong>Dr. Robert Schleip:<\/strong> Eine f\u00fchrende Pers\u00f6nlichkeit in der Faszienforschung. Dr. Schleip ist Biologe und Direktor der Fascia Research Group an der Universit\u00e4t Ulm in Deutschland. Seine Arbeit konzentriert sich auf die biomechanischen und sensorischen Eigenschaften der Faszie.<\/p><p><strong>Dr. Carla Stecco:<\/strong> Orthop\u00e4dische Chirurgin und Forscherin, Professorin f\u00fcr Anatomie an der Universit\u00e4t Padua in Italien. Sie hat umfangreich \u00fcber die Anatomie und klinische Relevanz der Faszie ver\u00f6ffentlicht.<\/p><p><strong>Dr. Helene Langevin:<\/strong> Derzeit Direktorin des National Center for Complementary and Integrative Health (NCCIH) in den USA. Dr. Langevins Forschung untersucht die Rolle der Faszie bei Schmerzen und ihr Potenzial f\u00fcr therapeutische Interventionen.<\/p><p><strong>Fascia Research Society:<\/strong> Eine Organisation, die Wissenschaftler, Kliniker und P\u00e4dagogen zusammenbringt, um das Verst\u00e4ndnis von Faszie voranzubringen. Die Gesellschaft organisiert den International Fascia Research Congress, der f\u00fchrende Forscher auf diesem Gebiet anzieht.<\/p><p><strong>Stecco Faszialmanipulation\u00ae-Methode:<\/strong> Entwickelt von Luigi Stecco und weiter erforscht von seinen Kindern, Carla und Antonio Stecco, basiert diese Methode auf den anatomischen und funktionellen Eigenschaften der Faszie und hat zu zahlreichen Studien zu diesem Thema gef\u00fchrt.<\/p><p><strong>Harvard Medical School:<\/strong> Forscher in Harvard, darunter Dr. Helene Langevin, haben die Rolle des Bindegewebes in verschiedenen physiologischen Prozessen und ihre Auswirkungen auf Gesundheit und Krankheit untersucht.<\/p><p><strong>Dr. Imagita Hidetaka:<\/strong> Professor an der Saitama Prefectural University, gewann 2018 den Best Basic Science Abstract Award f\u00fcr den Einfluss von adh\u00e4sionsbezogenen faszialen Gleitrestriktionen auf die dermale und artikul\u00e4re Bewegung.<\/p><p><strong>Sawomir Marszaek<\/strong>: wurde ebenfalls 2018 auf demselben Kongress f\u00fcr Faszienforschung f\u00fcr seine Studie ausgezeichnet \u00fcber:Myofasziale versus konventionelle Physiotherapie bei Patientinnen nach Mastektomie: eine randomisierte kontrollierte Studie.<br \/><a href=\"https:\/\/fasciaresearchsociety.org\/docs\/135.pdf\" target=\"_blank\" rel=\"noopener\">Link zur Studie<\/a><\/p><\/div><\/div><\/div><\/div><div class=\"mt-1 flex gap-3 empty:hidden -ml-2\"><div class=\"items-center justify-start rounded-xl p-1 flex\"><div class=\"flex items-center\">\u00a0<\/div><\/div><\/div>\t\t\t\t\t\t\t\t<\/div>\n\t\t\t\t<\/div>\n\t\t\t\t\t<\/div>\n\t\t\t\t<\/div>\n\t\t<div class=\"elementor-element elementor-element-efb8511 e-flex e-con-boxed e-con e-parent\" data-id=\"efb8511\" data-element_type=\"container\" data-e-type=\"container\">\n\t\t\t\t\t<div class=\"e-con-inner\">\n\t\t\t\t<div class=\"elementor-element elementor-element-78f305e elementor-widget elementor-widget-image\" data-id=\"78f305e\" data-element_type=\"widget\" data-e-type=\"widget\" data-widget_type=\"image.default\">\n\t\t\t\t<div class=\"elementor-widget-container\">\n\t\t\t\t\t\t\t\t\t\t\t\t\t\t\t<img decoding=\"async\" width=\"1024\" height=\"683\" data-src=\"https:\/\/joshuasnow.de\/wp-content\/uploads\/2024\/11\/joshua-412-1-1024x683.jpg\" class=\"attachment-large size-large wp-image-7033 lazyload\" alt=\"\" data-srcset=\"https:\/\/joshuasnow.de\/wp-content\/uploads\/2024\/11\/joshua-412-1-1024x683.jpg 1024w, https:\/\/joshuasnow.de\/wp-content\/uploads\/2024\/11\/joshua-412-1-300x200.jpg 300w, https:\/\/joshuasnow.de\/wp-content\/uploads\/2024\/11\/joshua-412-1-768x512.jpg 768w, https:\/\/joshuasnow.de\/wp-content\/uploads\/2024\/11\/joshua-412-1-1536x1025.jpg 1536w, https:\/\/joshuasnow.de\/wp-content\/uploads\/2024\/11\/joshua-412-1-90x60.jpg 90w, https:\/\/joshuasnow.de\/wp-content\/uploads\/2024\/11\/joshua-412-1-370x247.jpg 370w, https:\/\/joshuasnow.de\/wp-content\/uploads\/2024\/11\/joshua-412-1-776x517.jpg 776w, https:\/\/joshuasnow.de\/wp-content\/uploads\/2024\/11\/joshua-412-1.jpg 2000w\" data-sizes=\"(max-width: 1024px) 100vw, 1024px\" src=\"data:image\/svg+xml;base64,PHN2ZyB3aWR0aD0iMSIgaGVpZ2h0PSIxIiB4bWxucz0iaHR0cDovL3d3dy53My5vcmcvMjAwMC9zdmciPjwvc3ZnPg==\" style=\"--smush-placeholder-width: 1024px; --smush-placeholder-aspect-ratio: 1024\/683;\" \/>\t\t\t\t\t\t\t\t\t\t\t\t\t\t\t<\/div>\n\t\t\t\t<\/div>\n\t\t\t\t\t<\/div>\n\t\t\t\t<\/div>\n\t\t<div class=\"elementor-element elementor-element-cdaabef e-flex e-con-boxed e-con e-parent\" data-id=\"cdaabef\" data-element_type=\"container\" data-e-type=\"container\">\n\t\t\t\t\t<div class=\"e-con-inner\">\n\t\t\t\t<div class=\"elementor-element elementor-element-cf164d9 elementor-widget elementor-widget-text-editor\" data-id=\"cf164d9\" data-element_type=\"widget\" data-e-type=\"widget\" data-widget_type=\"text-editor.default\">\n\t\t\t\t<div class=\"elementor-widget-container\">\n\t\t\t\t\t\t\t\t\t<p>\u00a0<\/p><p><strong>Fr\u00fches 20. Jahrhundert:<\/strong> Faszie wurde als Bindegewebe erkannt, jedoch weitgehend als inert und von geringer Bedeutung betrachtet, haupts\u00e4chlich als passive Struktur, die Muskeln, Knochen und Organe umh\u00fcllt.<\/p><p><strong>1970er Jahre:<\/strong> Anatomisten und Kliniker begannen, die potenziell funktionelle Bedeutung der Faszie zu erkennen, obwohl umfassende Forschungen noch begrenzt waren. Dr. Janet Travell und Dr. David Simons begannen ihre bahnbrechende Arbeit zum myofaszialen Schmerzsyndrom, indem sie myofasziale Triggerpunkte innerhalb der Faszie identifizierten und kartierten, was die Schmerztherapiepraxis erheblich beeinflusste.<\/p><p><strong>1980er Jahre:<\/strong> Die Forschung zur Faszie erhielt mehr Aufmerksamkeit. Dr. Ida Rolf, die Gr\u00fcnderin der Rolfing-Strukturellen Integration, betonte die Bedeutung der Faszie f\u00fcr die K\u00f6rperausrichtung und Bewegung. Travell und Simons setzten ihre Arbeit fort und ver\u00f6ffentlichten 1983 das wegweisende Buch \u201eMyofascial Pain and Dysfunction: The Trigger Point Manual\u201c, das einen umfassenden Rahmen zum Verst\u00e4ndnis und zur Behandlung myofaszialer Schmerzen bot.<\/p><p><strong>2007:<\/strong> Der erste Internationale Faszienforschungskongress fand an der Harvard Medical School statt und markierte einen bedeutenden Wendepunkt in der Faszienforschung, indem Forscher aus verschiedenen Disziplinen zusammengebracht wurden, um die neuesten Erkenntnisse zu diskutieren und die interdisziplin\u00e4re Zusammenarbeit zu f\u00f6rdern.<\/p><p><strong>2009:<\/strong> Dr. Robert Schleip ver\u00f6ffentlichte einflussreiche Forschungen zu den biomechanischen Eigenschaften der Faszie, die ihre dynamische Rolle bei Bewegung und Propriozeption hervorhoben und zur breiteren Anerkennung der Faszie als aktives Gewebe beitrugen.<\/p><p><strong>2015:<\/strong> Die Fascia Research Society wurde gegr\u00fcndet, um die Forschung und Bildung zur Faszie weiter zu f\u00f6rdern. Die Gesellschaft war ma\u00dfgeblich an der Organisation der folgenden International Fascia Research Congresses beteiligt und f\u00f6rderte kontinuierliche Fortschritte auf diesem Gebiet.<\/p><p><strong>2021:<\/strong> Bedeutende Fortschritte im Verst\u00e4ndnis der Rolle der Faszie bei chronischen Schmerzen und ihr Potenzial als Ziel f\u00fcr therapeutische Interventionen wurden erzielt. Die Forschung konzentrierte sich auf die Interaktion zwischen Faszie, dem autonomen Nervensystem und der Immunregulation und hob ihre komplexe Beteiligung an verschiedenen physiologischen Prozessen hervor.<\/p><p><strong>J\u00fcngste Jahre (2010er-2020er):<\/strong> Fortgesetzte Forschung durch Pers\u00f6nlichkeiten wie Dr. Carla Stecco, Dr. Helene Langevin und andere erweiterte das Verst\u00e4ndnis der sensorischen Funktionen der Faszie, ihrer Rolle in der Schmerzempfindung und ihrer Beteiligung an der Immunregulation. Diese Studien haben das komplexe Zusammenspiel zwischen Faszie und anderen Systemen im K\u00f6rper aufgezeigt.<\/p>\t\t\t\t\t\t\t\t<\/div>\n\t\t\t\t<\/div>\n\t\t\t\t\t<\/div>\n\t\t\t\t<\/div>\n\t\t<div class=\"elementor-element elementor-element-36e0160 e-flex e-con-boxed e-con e-parent\" data-id=\"36e0160\" data-element_type=\"container\" data-e-type=\"container\">\n\t\t\t\t\t<div class=\"e-con-inner\">\n\t\t<div class=\"elementor-element elementor-element-3fb68de e-con-full e-flex e-con e-child\" data-id=\"3fb68de\" data-element_type=\"container\" data-e-type=\"container\">\n\t\t\t\t<div class=\"elementor-element elementor-element-9054a33 elementor-widget elementor-widget-text-editor\" data-id=\"9054a33\" data-element_type=\"widget\" data-e-type=\"widget\" data-widget_type=\"text-editor.default\">\n\t\t\t\t<div class=\"elementor-widget-container\">\n\t\t\t\t\t\t\t\t\t<p>Im <strong>Jahr 2018<\/strong> wurde das Bindegewebe offiziell als K\u00f6rpergewebe in der Internationalen Klassifikation der Krankheiten (ICD-11) der Weltgesundheitsorganisation anerkannt.<\/p>\t\t\t\t\t\t\t\t<\/div>\n\t\t\t\t<\/div>\n\t\t\t\t<\/div>\n\t\t<div class=\"elementor-element elementor-element-2128851 e-con-full e-flex e-con e-child\" data-id=\"2128851\" data-element_type=\"container\" data-e-type=\"container\">\n\t\t\t\t<div class=\"elementor-element elementor-element-a509882 elementor-widget elementor-widget-image\" data-id=\"a509882\" data-element_type=\"widget\" data-e-type=\"widget\" data-widget_type=\"image.default\">\n\t\t\t\t<div class=\"elementor-widget-container\">\n\t\t\t\t\t\t\t\t\t\t\t\t\t\t\t<img decoding=\"async\" width=\"1024\" height=\"576\" data-src=\"https:\/\/joshuasnow.de\/wp-content\/uploads\/2024\/11\/FASCIA-2018-1024x576.png\" class=\"attachment-large size-large wp-image-7035 lazyload\" alt=\"\" data-srcset=\"https:\/\/joshuasnow.de\/wp-content\/uploads\/2024\/11\/FASCIA-2018-1024x576.png 1024w, https:\/\/joshuasnow.de\/wp-content\/uploads\/2024\/11\/FASCIA-2018-300x169.png 300w, https:\/\/joshuasnow.de\/wp-content\/uploads\/2024\/11\/FASCIA-2018-768x432.png 768w, https:\/\/joshuasnow.de\/wp-content\/uploads\/2024\/11\/FASCIA-2018-1536x864.png 1536w, https:\/\/joshuasnow.de\/wp-content\/uploads\/2024\/11\/FASCIA-2018-2048x1152.png 2048w, https:\/\/joshuasnow.de\/wp-content\/uploads\/2024\/11\/FASCIA-2018-107x60.png 107w\" data-sizes=\"(max-width: 1024px) 100vw, 1024px\" src=\"data:image\/svg+xml;base64,PHN2ZyB3aWR0aD0iMSIgaGVpZ2h0PSIxIiB4bWxucz0iaHR0cDovL3d3dy53My5vcmcvMjAwMC9zdmciPjwvc3ZnPg==\" style=\"--smush-placeholder-width: 1024px; --smush-placeholder-aspect-ratio: 1024\/576;\" \/>\t\t\t\t\t\t\t\t\t\t\t\t\t\t\t<\/div>\n\t\t\t\t<\/div>\n\t\t\t\t<\/div>\n\t\t\t\t\t<\/div>\n\t\t\t\t<\/div>\n\t\t<div class=\"elementor-element elementor-element-7348669 e-flex e-con-boxed e-con e-parent\" data-id=\"7348669\" data-element_type=\"container\" data-e-type=\"container\">\n\t\t\t\t\t<div class=\"e-con-inner\">\n\t\t\t\t<div class=\"elementor-element elementor-element-00b000d elementor-widget elementor-widget-spacer\" data-id=\"00b000d\" data-element_type=\"widget\" data-e-type=\"widget\" data-widget_type=\"spacer.default\">\n\t\t\t\t<div class=\"elementor-widget-container\">\n\t\t\t\t\t\t\t<div class=\"elementor-spacer\">\n\t\t\t<div class=\"elementor-spacer-inner\"><\/div>\n\t\t<\/div>\n\t\t\t\t\t\t<\/div>\n\t\t\t\t<\/div>\n\t\t\t\t\t<\/div>\n\t\t\t\t<\/div>\n\t\t<div class=\"elementor-element elementor-element-b63727c e-flex e-con-boxed e-con e-parent\" data-id=\"b63727c\" data-element_type=\"container\" data-e-type=\"container\">\n\t\t\t\t\t<div class=\"e-con-inner\">\n\t\t\t\t<div class=\"elementor-element elementor-element-ff8bfa1 elementor-align-center elementor-widget elementor-widget-button\" data-id=\"ff8bfa1\" data-element_type=\"widget\" data-e-type=\"widget\" data-widget_type=\"button.default\">\n\t\t\t\t<div class=\"elementor-widget-container\">\n\t\t\t\t\t\t\t\t\t<div class=\"elementor-button-wrapper\">\n\t\t\t\t\t<a class=\"elementor-button elementor-button-link elementor-size-sm\" href=\"https:\/\/joshuasnow.de\/de\/wissen\/\">\n\t\t\t\t\t\t<span class=\"elementor-button-content-wrapper\">\n\t\t\t\t\t\t\t\t\t<span class=\"elementor-button-text\">Fachwissen<\/span>\n\t\t\t\t\t<\/span>\n\t\t\t\t\t<\/a>\n\t\t\t\t<\/div>\n\t\t\t\t\t\t\t\t<\/div>\n\t\t\t\t<\/div>\n\t\t\t\t\t<\/div>\n\t\t\t\t<\/div>\n\t\t<div class=\"elementor-element elementor-element-74c3a58 e-flex e-con-boxed e-con e-parent\" data-id=\"74c3a58\" data-element_type=\"container\" data-e-type=\"container\">\n\t\t\t\t\t<div class=\"e-con-inner\">\n\t\t\t\t<div class=\"elementor-element elementor-element-ac294b6 elementor-view-default elementor-widget elementor-widget-global elementor-global-2963 elementor-widget-icon\" data-id=\"ac294b6\" data-element_type=\"widget\" data-e-type=\"widget\" data-widget_type=\"icon.default\">\n\t\t\t\t<div class=\"elementor-widget-container\">\n\t\t\t\t\t\t\t<div class=\"elementor-icon-wrapper\">\n\t\t\t<a class=\"elementor-icon\" href=\"http:\/\/joshuasnow.de\">\n\t\t\t<i aria-hidden=\"true\" class=\"fas fa-home\"><\/i>\t\t\t<\/a>\n\t\t<\/div>\n\t\t\t\t\t\t<\/div>\n\t\t\t\t<\/div>\n\t\t\t\t\t<\/div>\n\t\t\t\t<\/div>\n\t\t\t\t<\/div>\n\t\t","protected":false},"excerpt":{"rendered":"<p>Das Fasziensystem besteht aus einem dreidimensionalen Kontinuum aus weichen, kollagenhaltigen, lockeren und dichten faserigen Bindegeweben, die den K\u00f6rper durchdringen. Faszien sind wie das ultimative Geschenkpapier, mit Autobahnen elektrischer Signale, die &hellip; <\/p>\n","protected":false},"author":1,"featured_media":6303,"parent":0,"menu_order":0,"comment_status":"closed","ping_status":"closed","template":"","meta":{"footnotes":""},"class_list":["post-6705","page","type-page","status-publish","has-post-thumbnail","hentry","latest_post"],"jetpack_sharing_enabled":true,"_links":{"self":[{"href":"https:\/\/joshuasnow.de\/de\/wp-json\/wp\/v2\/pages\/6705","targetHints":{"allow":["GET"]}}],"collection":[{"href":"https:\/\/joshuasnow.de\/de\/wp-json\/wp\/v2\/pages"}],"about":[{"href":"https:\/\/joshuasnow.de\/de\/wp-json\/wp\/v2\/types\/page"}],"author":[{"embeddable":true,"href":"https:\/\/joshuasnow.de\/de\/wp-json\/wp\/v2\/users\/1"}],"replies":[{"embeddable":true,"href":"https:\/\/joshuasnow.de\/de\/wp-json\/wp\/v2\/comments?post=6705"}],"version-history":[{"count":32,"href":"https:\/\/joshuasnow.de\/de\/wp-json\/wp\/v2\/pages\/6705\/revisions"}],"predecessor-version":[{"id":7514,"href":"https:\/\/joshuasnow.de\/de\/wp-json\/wp\/v2\/pages\/6705\/revisions\/7514"}],"wp:featuredmedia":[{"embeddable":true,"href":"https:\/\/joshuasnow.de\/de\/wp-json\/wp\/v2\/media\/6303"}],"wp:attachment":[{"href":"https:\/\/joshuasnow.de\/de\/wp-json\/wp\/v2\/media?parent=6705"}],"curies":[{"name":"wp","href":"https:\/\/api.w.org\/{rel}","templated":true}]}}