{"id":2713,"date":"2024-05-03T14:47:32","date_gmt":"2024-05-03T12:47:32","guid":{"rendered":"https:\/\/joshuasnow.de\/biografie\/"},"modified":"2026-02-20T00:43:30","modified_gmt":"2026-02-19T23:43:30","slug":"faszien-therapie-berlin","status":"publish","type":"page","link":"https:\/\/joshuasnow.de\/de\/faszien-therapie-berlin\/","title":{"rendered":"Hintergrund &amp; Behandlungsansatz | Faszien- &amp; Triggerpunkttherapie Berlin"},"content":{"rendered":"\t\t<div data-elementor-type=\"wp-page\" data-elementor-id=\"2713\" class=\"elementor elementor-2713 elementor-2696\" data-elementor-post-type=\"page\">\n\t\t\t\t<div class=\"elementor-element elementor-element-4a7cbd5 e-flex e-con-boxed e-con e-parent\" data-id=\"4a7cbd5\" data-element_type=\"container\" data-e-type=\"container\">\n\t\t\t\t\t<div class=\"e-con-inner\">\n\t\t\t\t<div class=\"elementor-element elementor-element-cc83d79 elementor-widget elementor-widget-text-editor\" data-id=\"cc83d79\" data-element_type=\"widget\" data-e-type=\"widget\" data-widget_type=\"text-editor.default\">\n\t\t\t\t<div class=\"elementor-widget-container\">\n\t\t\t\t\t\t\t\t\t<p data-start=\"4352\" data-end=\"4570\">Mein Name ist Joshua Snow, und meine Arbeit in der Myotherapie, Faszienarbeit und Rehabilitation hat sich \u00fcber viele Jahre durch Studium, praktische Erfahrung, Lehrt\u00e4tigkeit und pers\u00f6nliche Lebensereignisse entwickelt.<\/p>\n<p data-start=\"4572\" data-end=\"4909\">Nach meinem Abschluss im Jahr 2009 am Kangan Institute in Melbourne begann ich in der Wellness- und Therapiebranche in Australien zu arbeiten. Zu Beginn meiner Laufbahn arbeitete ich auf Daydream Island in Queensland und sp\u00e4ter als einer der ersten Therapeuten bei der Er\u00f6ffnung des Isika Spa im Crown Metropol in Melbourne im Jahr 2010.<\/p>\n<p data-start=\"4911\" data-end=\"5320\">Sehr fr\u00fch interessierte ich mich daf\u00fcr, nicht nur zu verstehen, wo Schmerzen im K\u00f6rper auftreten, sondern auch warum sie entstehen und wie strukturelle sowie fasziale Einschr\u00e4nkungen dazu beitragen. Deshalb entschied ich mich, 2010 zus\u00e4tzlich eine Ausbildung im Bereich Personal Training zu absolvieren, um Bewegung, Biomechanik und das Zusammenspiel von Faszien, Muskeln und Nervensystem besser zu verstehen.<\/p>\n<p data-start=\"5322\" data-end=\"5702\">Die Ausbildung in Massage am Kangan Institute legte eine wichtige Grundlage f\u00fcr meine Arbeit. Besonders wertvoll war die Studentenklinik, in der wir mit realen Fallbeispielen arbeiten konnten. Dass ich dieselben Patient:innen \u00fcber l\u00e4ngere Zeit behandeln konnte, half mir, ein detailliertes anatomisches Verst\u00e4ndnis f\u00fcr den K\u00f6rper und die Entwicklung von Schmerzmustern aufzubauen.<\/p>\n<p data-start=\"5704\" data-end=\"5910\">Ich hatte das Gl\u00fcck, von erfahrenen Lehrer:innen wie Gabriel Perconte, Denise McFarlane und Pauline Kelly zu lernen. Ihre Unterst\u00fctzung und ihr Wissen haben meinen therapeutischen Ansatz ma\u00dfgeblich gepr\u00e4gt.<\/p>\n<p data-start=\"5912\" data-end=\"6363\">Der direkte Einstieg in die Wellnessbranche nach meinem Studium vertiefte mein Verst\u00e4ndnis f\u00fcr die Verbindung von K\u00f6rper und Geist. Die Arbeit mit unterschiedlichen Menschen in professionellen Umgebungen zeigte mir, wie wichtig es ist, Behandlung mit Aufkl\u00e4rung zu verbinden. Menschen dabei zu unterst\u00fctzen, ihren K\u00f6rper zu verstehen, Verletzungen vorzubeugen und aktiv an ihrer Genesung mitzuwirken, ist heute ein zentraler Bestandteil meiner Arbeit.<\/p>\n<p data-start=\"6365\" data-end=\"6676\">Seit 2021 arbeite ich als freiberuflicher Therapeut in Berlin, baue meine eigene Praxis auf und arbeite gleichzeitig mit interdisziplin\u00e4ren Praxen zusammen. In dieser Zeit war ich unter anderem bei Praxis Anjali in Charlottenburg t\u00e4tig und begann au\u00dferdem, Massage Therapie an der Kisa Akademie zu unterrichten.<\/p>\n<p data-start=\"6678\" data-end=\"6875\">Das Unterrichten hat mein Verst\u00e4ndnis f\u00fcr therapeutische Techniken weiter vertieft und mir geholfen, komplexe Zusammenh\u00e4nge rund um Faszien, Schmerzen und Rehabilitation verst\u00e4ndlich zu vermitteln.<\/p>\n<p data-start=\"6877\" data-end=\"7137\">Heute behandle ich weiterhin Klient:innen in Berlin und arbeite aktuell in einer interdisziplin\u00e4ren Privatpraxis in Charlottenburg in der Pestalozzistra\u00dfe 99, nahe <span class=\"hover:entity-accent entity-underline inline cursor-pointer align-baseline\"><span class=\"whitespace-normal\">Savignyplatz<\/span><\/span>. Dort bin ich jeden Dienstag von 9:00 bis 21:00 Uhr t\u00e4tig.<\/p>\n<p data-start=\"7139\" data-end=\"7469\">Parallel zu meinem beruflichen Weg hat auch die Gr\u00fcndung meiner Familie in Berlin meine Arbeit stark beeinflusst. Diese Erfahrung hat mich dazu gef\u00fchrt, mich intensiver mit Schwangerschaft, postnataler Regeneration, der Regulation des Nervensystems und der Rolle der Faszien w\u00e4hrend dieser Ver\u00e4nderungen im K\u00f6rper zu besch\u00e4ftigen.<\/p>\n<p data-start=\"7471\" data-end=\"7705\">Durch Forschung und pers\u00f6nliche Erfahrung integriere ich seither gezielter pr\u00e4- und postnatale Ans\u00e4tze in meine Arbeit, um Menschen w\u00e4hrend und nach der Schwangerschaft bei Schmerzen, Stress und k\u00f6rperlicher Anpassung zu unterst\u00fctzen.<\/p>\n<p data-start=\"7707\" data-end=\"8046\">Mit Myotherapie und Faszienarbeit verfolge ich das Ziel, zun\u00e4chst die Ursache von Schmerzen und strukturellen Einschr\u00e4nkungen zu verstehen und diese anschlie\u00dfend effektiv zu behandeln. Dazu geh\u00f6rt es, Bewegungsmuster zu analysieren, fasziale Einschr\u00e4nkungen zu erkennen, mit Triggerpunkten zu arbeiten und das Nervensystem zu unterst\u00fctzen.<\/p>\n<p data-start=\"8048\" data-end=\"8289\">Im Laufe der Zeit hat sich daraus ein Ansatz entwickelt, der manuelle Therapie mit Aufkl\u00e4rung, Workshops und praktischen Strategien verbindet, damit Menschen ihre Beweglichkeit und Regeneration auch zwischen den Behandlungen erhalten k\u00f6nnen.<\/p>\n<p data-start=\"8291\" data-end=\"8479\">Meine langfristige Vision ist es, eine auf Faszienarbeit spezialisierte Praxis in Berlin weiter aufzubauen \u2013 mit Behandlung, Bildung und einem eigenen Raum f\u00fcr Therapie und Rehabilitation.<\/p>\t\t\t\t\t\t\t\t<\/div>\n\t\t\t\t<\/div>\n\t\t\t\t\t<\/div>\n\t\t\t\t<\/div>\n\t\t<div class=\"elementor-element elementor-element-9965dfd e-flex e-con-boxed e-con e-parent\" data-id=\"9965dfd\" data-element_type=\"container\" data-e-type=\"container\">\n\t\t\t\t\t<div class=\"e-con-inner\">\n\t\t\t\t<div class=\"elementor-element elementor-element-c2f84e4 elementor-widget elementor-widget-spacer\" data-id=\"c2f84e4\" data-element_type=\"widget\" data-e-type=\"widget\" data-widget_type=\"spacer.default\">\n\t\t\t\t<div class=\"elementor-widget-container\">\n\t\t\t\t\t\t\t<div class=\"elementor-spacer\">\n\t\t\t<div class=\"elementor-spacer-inner\"><\/div>\n\t\t<\/div>\n\t\t\t\t\t\t<\/div>\n\t\t\t\t<\/div>\n\t\t\t\t\t<\/div>\n\t\t\t\t<\/div>\n\t\t<div class=\"elementor-element elementor-element-b471ffa e-flex e-con-boxed e-con e-parent\" data-id=\"b471ffa\" data-element_type=\"container\" data-e-type=\"container\">\n\t\t\t\t\t<div class=\"e-con-inner\">\n\t\t\t\t<div class=\"elementor-element elementor-element-33ff34f elementor-widget elementor-widget-spacer\" data-id=\"33ff34f\" data-element_type=\"widget\" data-e-type=\"widget\" data-widget_type=\"spacer.default\">\n\t\t\t\t<div class=\"elementor-widget-container\">\n\t\t\t\t\t\t\t<div class=\"elementor-spacer\">\n\t\t\t<div class=\"elementor-spacer-inner\"><\/div>\n\t\t<\/div>\n\t\t\t\t\t\t<\/div>\n\t\t\t\t<\/div>\n\t\t\t\t\t<\/div>\n\t\t\t\t<\/div>\n\t\t<div class=\"elementor-element elementor-element-0de6701 e-flex e-con-boxed e-con e-parent\" data-id=\"0de6701\" data-element_type=\"container\" data-e-type=\"container\">\n\t\t\t\t\t<div class=\"e-con-inner\">\n\t\t\t\t<div class=\"elementor-element elementor-element-25235ae elementor-view-default elementor-widget elementor-widget-icon\" data-id=\"25235ae\" data-element_type=\"widget\" data-e-type=\"widget\" data-widget_type=\"icon.default\">\n\t\t\t\t<div class=\"elementor-widget-container\">\n\t\t\t\t\t\t\t<div class=\"elementor-icon-wrapper\">\n\t\t\t<a class=\"elementor-icon\" href=\"https:\/\/joshuasnow.de\/de\/\">\n\t\t\t<i aria-hidden=\"true\" class=\"fas fa-home\"><\/i>\t\t\t<\/a>\n\t\t<\/div>\n\t\t\t\t\t\t<\/div>\n\t\t\t\t<\/div>\n\t\t\t\t\t<\/div>\n\t\t\t\t<\/div>\n\t\t\t\t<\/div>\n\t\t","protected":false},"excerpt":{"rendered":"<p>Mein Name ist Joshua Snow, und meine Arbeit in der Myotherapie, Faszienarbeit und Rehabilitation hat sich \u00fcber viele Jahre durch Studium, praktische Erfahrung, Lehrt\u00e4tigkeit und pers\u00f6nliche Lebensereignisse entwickelt. Nach meinem &hellip; <\/p>\n","protected":false},"author":1,"featured_media":0,"parent":0,"menu_order":0,"comment_status":"closed","ping_status":"closed","template":"","meta":{"footnotes":""},"class_list":["post-2713","page","type-page","status-publish","hentry","latest_post"],"jetpack_sharing_enabled":true,"_links":{"self":[{"href":"https:\/\/joshuasnow.de\/de\/wp-json\/wp\/v2\/pages\/2713","targetHints":{"allow":["GET"]}}],"collection":[{"href":"https:\/\/joshuasnow.de\/de\/wp-json\/wp\/v2\/pages"}],"about":[{"href":"https:\/\/joshuasnow.de\/de\/wp-json\/wp\/v2\/types\/page"}],"author":[{"embeddable":true,"href":"https:\/\/joshuasnow.de\/de\/wp-json\/wp\/v2\/users\/1"}],"replies":[{"embeddable":true,"href":"https:\/\/joshuasnow.de\/de\/wp-json\/wp\/v2\/comments?post=2713"}],"version-history":[{"count":89,"href":"https:\/\/joshuasnow.de\/de\/wp-json\/wp\/v2\/pages\/2713\/revisions"}],"predecessor-version":[{"id":8005,"href":"https:\/\/joshuasnow.de\/de\/wp-json\/wp\/v2\/pages\/2713\/revisions\/8005"}],"wp:attachment":[{"href":"https:\/\/joshuasnow.de\/de\/wp-json\/wp\/v2\/media?parent=2713"}],"curies":[{"name":"wp","href":"https:\/\/api.w.org\/{rel}","templated":true}]}}