{"id":1460,"date":"2021-07-23T22:15:46","date_gmt":"2021-07-23T20:15:46","guid":{"rendered":"https:\/\/joshuasnow.de\/joshuasnow-de"},"modified":"2024-09-19T09:17:05","modified_gmt":"2024-09-19T07:17:05","slug":"joshuasnow-de","status":"publish","type":"page","link":"https:\/\/joshuasnow.de\/de\/joshuasnow-de\/","title":{"rendered":"joshuasnow.de"},"content":{"rendered":"<p><img fetchpriority=\"high\" decoding=\"async\" style=\"width: 100%; height: 66.68%; max-width: 2500px;\" src=\"https:\/\/healafriend.de\/wp-content\/uploads\/2021\/08\/edit-1.jpg\" alt=\"\" width=\"2500\" height=\"1667\"><\/p>\n<p style=\"text-align: center;\"><strong>&nbsp;<\/strong><\/p>\n<p style=\"text-align: center;\">Als <strong style=\"font-family: var( --e-global-typography-text-font-family ), Sans-serif; font-size: var(--global--font-size-base);\">akute Schmerzen<\/strong> werden Schmerzen bezeichnet, die weniger als sechs Wochen andauern und sich mit geringem oder gar keinem Eingriff von selbst aufl\u00f6sen k\u00f6nnen.<\/p>\n<p style=\"text-align: center;\">Bei <strong>subakuten oder chronischen<\/strong> Schmerzen, die l\u00e4nger als sechs Wochen andauern, ist es jedoch wahrscheinlich, dass sie Aufmerksamkeit und Pflege ben\u00f6tigen, Es gibt verschiedene Formen der Massage, die besonders wirksam sind, um Schmerzen zu entdecken und zu beseitigen.<\/p>\n<p style=\"text-align: center;\">Wer eine Massage bei chronischen Schmerzen in Erw\u00e4gung zieht, sollte sich \u00fcber die verschiedenen Techniken informieren, die ihm zur Verf\u00fcgung stehen, um das Beste aus seiner Massageerfahrung zu machen.<\/p>\n<p style=\"text-align: center;\">\n<p><img decoding=\"async\" style=\"--smush-placeholder-width: 750px; --smush-placeholder-aspect-ratio: 750\/500;width: 100%; height: 66.68%; max-width: 2500px;\" data-src=\"https:\/\/healafriend.de\/wp-content\/uploads\/2021\/08\/edit-2-1024x683.jpg\" alt=\"\" width=\"750\" height=\"500\" src=\"data:image\/svg+xml;base64,PHN2ZyB3aWR0aD0iMSIgaGVpZ2h0PSIxIiB4bWxucz0iaHR0cDovL3d3dy53My5vcmcvMjAwMC9zdmciPjwvc3ZnPg==\" class=\"lazyload\"><\/p>\n<p style=\"text-align: center;\"><b>Die Vorteile:<\/b><\/p>\n<p style=\"text-align: center;\">Die Massagetherapie erh\u00f6ht die Durchblutung des verletzten Gewebes und beschleunigt so den Heilungsprozess des Gewebes. Durch die Entspannung der Muskeln wird auch eine bessere Bewegungsfreiheit erreicht. Und je nach Art der Massage kann die Muskulatur auch gest\u00e4rkt werden, um Verletzungen vorzubeugen. Die Massage kann auch zur Entspannung und zum allgemeinen Wohlbefinden eingesetzt werden.<\/p>\n","protected":false},"excerpt":{"rendered":"<p>&nbsp; Als akute Schmerzen werden Schmerzen bezeichnet, die weniger als sechs Wochen andauern und sich mit geringem oder gar keinem Eingriff von selbst aufl\u00f6sen k\u00f6nnen. Bei subakuten oder chronischen Schmerzen, &hellip; <\/p>\n","protected":false},"author":1,"featured_media":0,"parent":0,"menu_order":0,"comment_status":"closed","ping_status":"closed","template":"","meta":{"footnotes":""},"class_list":["post-1460","page","type-page","status-publish","hentry","latest_post"],"jetpack_sharing_enabled":true,"_links":{"self":[{"href":"https:\/\/joshuasnow.de\/de\/wp-json\/wp\/v2\/pages\/1460","targetHints":{"allow":["GET"]}}],"collection":[{"href":"https:\/\/joshuasnow.de\/de\/wp-json\/wp\/v2\/pages"}],"about":[{"href":"https:\/\/joshuasnow.de\/de\/wp-json\/wp\/v2\/types\/page"}],"author":[{"embeddable":true,"href":"https:\/\/joshuasnow.de\/de\/wp-json\/wp\/v2\/users\/1"}],"replies":[{"embeddable":true,"href":"https:\/\/joshuasnow.de\/de\/wp-json\/wp\/v2\/comments?post=1460"}],"version-history":[{"count":36,"href":"https:\/\/joshuasnow.de\/de\/wp-json\/wp\/v2\/pages\/1460\/revisions"}],"predecessor-version":[{"id":1607,"href":"https:\/\/joshuasnow.de\/de\/wp-json\/wp\/v2\/pages\/1460\/revisions\/1607"}],"wp:attachment":[{"href":"https:\/\/joshuasnow.de\/de\/wp-json\/wp\/v2\/media?parent=1460"}],"curies":[{"name":"wp","href":"https:\/\/api.w.org\/{rel}","templated":true}]}}