{"id":1452,"date":"2023-01-17T17:15:24","date_gmt":"2023-01-17T16:15:24","guid":{"rendered":"https:\/\/joshuasnow.de\/online-patientenformular"},"modified":"2024-05-23T09:14:26","modified_gmt":"2024-05-23T07:14:26","slug":"patientenformular","status":"publish","type":"page","link":"https:\/\/joshuasnow.de\/de\/patientenformular\/","title":{"rendered":"Patientenformular"},"content":{"rendered":"\t\t<div data-elementor-type=\"wp-page\" data-elementor-id=\"1452\" class=\"elementor elementor-1452 elementor-985\" data-elementor-post-type=\"page\">\n\t\t\t\t\t\t<section class=\"elementor-section elementor-top-section elementor-element elementor-element-d678e44 elementor-section-boxed elementor-section-height-default elementor-section-height-default\" data-id=\"d678e44\" data-element_type=\"section\" data-e-type=\"section\">\n\t\t\t\t\t\t<div class=\"elementor-container elementor-column-gap-default\">\n\t\t\t\t\t<div class=\"elementor-column elementor-col-100 elementor-top-column elementor-element elementor-element-a6ba117\" data-id=\"a6ba117\" data-element_type=\"column\" data-e-type=\"column\">\n\t\t\t<div class=\"elementor-widget-wrap\">\n\t\t\t\t\t\t\t<\/div>\n\t\t<\/div>\n\t\t\t\t\t<\/div>\n\t\t<\/section>\n\t\t\t\t<section class=\"elementor-section elementor-top-section elementor-element elementor-element-eb9ce3a elementor-section-boxed elementor-section-height-default elementor-section-height-default\" data-id=\"eb9ce3a\" data-element_type=\"section\" data-e-type=\"section\">\n\t\t\t\t\t\t<div class=\"elementor-container elementor-column-gap-default\">\n\t\t\t\t\t<div class=\"elementor-column elementor-col-100 elementor-top-column elementor-element elementor-element-1529cb1\" data-id=\"1529cb1\" data-element_type=\"column\" data-e-type=\"column\">\n\t\t\t<div class=\"elementor-widget-wrap elementor-element-populated\">\n\t\t\t\t\t\t<div class=\"elementor-element elementor-element-74cb32f elementor-button-align-stretch elementor-widget elementor-widget-form\" data-id=\"74cb32f\" data-element_type=\"widget\" data-e-type=\"widget\" data-settings=\"{&quot;step_next_label&quot;:&quot;N\\u00e4chste&quot;,&quot;step_previous_label&quot;:&quot;Vorher&quot;,&quot;button_width&quot;:&quot;100&quot;,&quot;step_type&quot;:&quot;number_text&quot;,&quot;step_icon_shape&quot;:&quot;circle&quot;}\" data-widget_type=\"form.default\">\n\t\t\t\t<div class=\"elementor-widget-container\">\n\t\t\t\t\t\t\t<form class=\"elementor-form\" method=\"post\" name=\"Neues Formular\" aria-label=\"Neues Formular\">\n\t\t\t<input type=\"hidden\" name=\"post_id\" value=\"1452\"\/>\n\t\t\t<input type=\"hidden\" name=\"form_id\" value=\"74cb32f\"\/>\n\t\t\t<input type=\"hidden\" name=\"referer_title\" value=\"Patientenformular\" \/>\n\n\t\t\t\t\t\t\t<input type=\"hidden\" name=\"queried_id\" value=\"1452\"\/>\n\t\t\t\n\t\t\t<div class=\"elementor-form-fields-wrapper elementor-labels-above\">\n\t\t\t\t\t\t\t\t<div class=\"elementor-field-type-text elementor-field-group elementor-column elementor-field-group-name elementor-col-100 elementor-field-required elementor-mark-required\">\n\t\t\t\t\t\t\t\t\t\t\t\t<label for=\"form-field-name\" class=\"elementor-field-label\">\n\t\t\t\t\t\t\t\tName\t\t\t\t\t\t\t<\/label>\n\t\t\t\t\t\t\t\t\t\t\t\t\t\t<input size=\"1\" type=\"text\" name=\"form_fields[name]\" id=\"form-field-name\" class=\"elementor-field elementor-size-xl  elementor-field-textual\" placeholder=\"Name\" required=\"required\">\n\t\t\t\t\t\t\t\t\t\t\t<\/div>\n\t\t\t\t\t\t\t\t<div class=\"elementor-field-type-email elementor-field-group elementor-column elementor-field-group-email elementor-col-100 elementor-field-required elementor-mark-required\">\n\t\t\t\t\t\t\t\t\t\t\t\t<label for=\"form-field-email\" class=\"elementor-field-label\">\n\t\t\t\t\t\t\t\tEmail\t\t\t\t\t\t\t<\/label>\n\t\t\t\t\t\t\t\t\t\t\t\t\t\t<input size=\"1\" type=\"email\" name=\"form_fields[email]\" id=\"form-field-email\" class=\"elementor-field elementor-size-xl  elementor-field-textual\" placeholder=\"Email\" required=\"required\">\n\t\t\t\t\t\t\t\t\t\t\t<\/div>\n\t\t\t\t\t\t\t\t<div class=\"elementor-field-type-text elementor-field-group elementor-column elementor-field-group-field_0501973 elementor-col-100 elementor-field-required elementor-mark-required\">\n\t\t\t\t\t\t\t\t\t\t\t\t<label for=\"form-field-field_0501973\" class=\"elementor-field-label\">\n\t\t\t\t\t\t\t\tAddresse\t\t\t\t\t\t\t<\/label>\n\t\t\t\t\t\t\t\t\t\t\t\t\t\t<input size=\"1\" type=\"text\" name=\"form_fields[field_0501973]\" id=\"form-field-field_0501973\" class=\"elementor-field elementor-size-xl  elementor-field-textual\" placeholder=\"Anschrift\" required=\"required\">\n\t\t\t\t\t\t\t\t\t\t\t<\/div>\n\t\t\t\t\t\t\t\t<div class=\"elementor-field-type-tel elementor-field-group elementor-column elementor-field-group-field_ac1e80f elementor-col-100 elementor-field-required elementor-mark-required\">\n\t\t\t\t\t\t\t\t\t\t\t\t<label for=\"form-field-field_ac1e80f\" class=\"elementor-field-label\">\n\t\t\t\t\t\t\t\tTel\/ Mobil\t\t\t\t\t\t\t<\/label>\n\t\t\t\t\t\t\t\t<input size=\"1\" type=\"tel\" name=\"form_fields[field_ac1e80f]\" id=\"form-field-field_ac1e80f\" class=\"elementor-field elementor-size-xl  elementor-field-textual\" placeholder=\"+49\" required=\"required\" pattern=\"[0-9()#&amp;+*-=.]+\" title=\"Nur Nummern oder Telefon-Zeichen (#, -, *, etc) werden akzeptiert.\">\n\n\t\t\t\t\t\t<\/div>\n\t\t\t\t\t\t\t\t<div class=\"elementor-field-type-textarea elementor-field-group elementor-column elementor-field-group-message elementor-col-100 elementor-field-required elementor-mark-required\">\n\t\t\t\t\t\t\t\t\t\t\t\t<label for=\"form-field-message\" class=\"elementor-field-label\">\n\t\t\t\t\t\t\t\tBeschreibung der Schmerzerfahrung\t\t\t\t\t\t\t<\/label>\n\t\t\t\t\t\t<textarea class=\"elementor-field-textual elementor-field  elementor-size-xl\" name=\"form_fields[message]\" id=\"form-field-message\" rows=\"4\" placeholder=\"charf, dumpf, kalt, hei\u00df, strahlt aus, spezifisch, andere m\u00f6gliche mitwirkende Faktoren\" required=\"required\"><\/textarea>\t\t\t\t<\/div>\n\t\t\t\t\t\t\t\t<div class=\"elementor-field-type-text elementor-field-group elementor-column elementor-field-group-field_d059eca elementor-col-100\">\n\t\t\t\t\t\t\t\t\t\t\t\t<label for=\"form-field-field_d059eca\" class=\"elementor-field-label\">\n\t\t\t\t\t\t\t\tGeschichte\/ Anfang\t\t\t\t\t\t\t<\/label>\n\t\t\t\t\t\t\t\t\t\t\t\t\t\t<input size=\"1\" type=\"text\" name=\"form_fields[field_d059eca]\" id=\"form-field-field_d059eca\" class=\"elementor-field elementor-size-xl  elementor-field-textual\">\n\t\t\t\t\t\t\t\t\t\t\t<\/div>\n\t\t\t\t\t\t\t\t<div class=\"elementor-field-type-text elementor-field-group elementor-column elementor-field-group-field_d834963 elementor-col-100\">\n\t\t\t\t\t\t\t\t\t\t\t\t<label for=\"form-field-field_d834963\" class=\"elementor-field-label\">\n\t\t\t\t\t\t\t\tSpezifische Bewegungen, die den Schmerz verst\u00e4rken (Einsetzen)\t\t\t\t\t\t\t<\/label>\n\t\t\t\t\t\t\t\t\t\t\t\t\t\t<input size=\"1\" type=\"text\" name=\"form_fields[field_d834963]\" id=\"form-field-field_d834963\" class=\"elementor-field elementor-size-xl  elementor-field-textual\">\n\t\t\t\t\t\t\t\t\t\t\t<\/div>\n\t\t\t\t\t\t\t\t<div class=\"elementor-field-type-checkbox elementor-field-group elementor-column elementor-field-group-field_8e3b609 elementor-col-100\">\n\t\t\t\t\t\t\t\t\t\t\t\t<label for=\"form-field-field_8e3b609\" class=\"elementor-field-label\">\n\t\t\t\t\t\t\t\tSchmerz Dauer  \t\t\t\t\t\t\t<\/label>\n\t\t\t\t\t\t<div class=\"elementor-field-subgroup  \"><span class=\"elementor-field-option\"><input type=\"checkbox\" value=\"&lt;3 Monate \" id=\"form-field-field_8e3b609-0\" name=\"form_fields[field_8e3b609][]\"> <label for=\"form-field-field_8e3b609-0\"><3 Monate <\/label><\/span><span class=\"elementor-field-option\"><input type=\"checkbox\" value=\"&gt;3 Monate\" id=\"form-field-field_8e3b609-1\" name=\"form_fields[field_8e3b609][]\"> <label for=\"form-field-field_8e3b609-1\">>3 Monate<\/label><\/span><span class=\"elementor-field-option\"><input type=\"checkbox\" value=\"&gt;6 Monate \" id=\"form-field-field_8e3b609-2\" name=\"form_fields[field_8e3b609][]\"> <label for=\"form-field-field_8e3b609-2\">>6 Monate <\/label><\/span><span class=\"elementor-field-option\"><input type=\"checkbox\" value=\"&gt;12 Monate\" id=\"form-field-field_8e3b609-3\" name=\"form_fields[field_8e3b609][]\"> <label for=\"form-field-field_8e3b609-3\">>12 Monate<\/label><\/span><span class=\"elementor-field-option\"><input type=\"checkbox\" value=\"&gt;5 Jahre\" id=\"form-field-field_8e3b609-4\" name=\"form_fields[field_8e3b609][]\"> <label for=\"form-field-field_8e3b609-4\">>5 Jahre<\/label><\/span><\/div>\t\t\t\t<\/div>\n\t\t\t\t\t\t\t\t<div class=\"elementor-field-type-select elementor-field-group elementor-column elementor-field-group-field_68492ef elementor-col-100 elementor-field-type-select-multiple\">\n\t\t\t\t\t\t\t\t\t\t\t\t<label for=\"form-field-field_68492ef\" class=\"elementor-field-label\">\n\t\t\t\t\t\t\t\tSchmerzart f\u00fchlt sich an wie:\t\t\t\t\t\t\t<\/label>\n\t\t\t\t\t\t\t\t<div class=\"elementor-field elementor-select-wrapper remove-before \">\n\t\t\t<div class=\"select-caret-down-wrapper\">\n\t\t\t\t\t\t\t<\/div>\n\t\t\t<select name=\"form_fields[field_68492ef][]\" id=\"form-field-field_68492ef\" class=\"elementor-field-textual elementor-size-xl\" multiple=\"\" size=\"4\">\n\t\t\t\t\t\t\t\t\t<option value=\"Muskul\u00e4r (Gewebe) \/ Muskul\u00e4r (Gewebe)\">Muskul\u00e4r (Gewebe) \/ Muskul\u00e4r (Gewebe)<\/option>\n\t\t\t\t\t\t\t\t\t<option value=\"Haut, Muskeln, Knochen, Gelenke (somatisch) \/ Skin, Muskeln, Knochen, Gelenke (somatisch)\">Haut, Muskeln, Knochen, Gelenke (somatisch) \/ Skin, Muskeln, Knochen, Gelenke (somatisch)<\/option>\n\t\t\t\t\t\t\t\t\t<option value=\"Nerv (neuropathisch) \/ Nerven (neropathisch)\">Nerv (neuropathisch) \/ Nerven (neropathisch)<\/option>\n\t\t\t\t\t\t\t\t\t<option value=\"Organe\/ Abdomen (viszeral) \/ Organe\/Unterleib (viszeral)\">Organe\/ Abdomen (viszeral) \/ Organe\/Unterleib (viszeral)<\/option>\n\t\t\t\t\t\t\t\t\t<option value=\"\"><\/option>\n\t\t\t\t\t\t\t<\/select>\n\t\t<\/div>\n\t\t\t\t\t\t<\/div>\n\t\t\t\t\t\t\t\t<div class=\"elementor-field-type-checkbox elementor-field-group elementor-column elementor-field-group-field_2c5e667 elementor-col-100\">\n\t\t\t\t\t\t\t\t\t\t\t\t<label for=\"form-field-field_2c5e667\" class=\"elementor-field-label\">\n\t\t\t\t\t\t\t\tWann ist der Schmerz am schlimmsten?  \t\t\t\t\t\t\t<\/label>\n\t\t\t\t\t\t<div class=\"elementor-field-subgroup  elementor-subgroup-inline\"><span class=\"elementor-field-option\"><input type=\"checkbox\" value=\"Morgen\" id=\"form-field-field_2c5e667-0\" name=\"form_fields[field_2c5e667][]\"> <label for=\"form-field-field_2c5e667-0\">Morgen<\/label><\/span><span class=\"elementor-field-option\"><input type=\"checkbox\" value=\"Nachmittag\" id=\"form-field-field_2c5e667-1\" name=\"form_fields[field_2c5e667][]\"> <label for=\"form-field-field_2c5e667-1\">Nachmittag<\/label><\/span><span class=\"elementor-field-option\"><input type=\"checkbox\" value=\"Nacht\" id=\"form-field-field_2c5e667-2\" name=\"form_fields[field_2c5e667][]\"> <label for=\"form-field-field_2c5e667-2\">Nacht<\/label><\/span><span class=\"elementor-field-option\"><input type=\"checkbox\" value=\"\" id=\"form-field-field_2c5e667-3\" name=\"form_fields[field_2c5e667][]\"> <label for=\"form-field-field_2c5e667-3\"><\/label><\/span><\/div>\t\t\t\t<\/div>\n\t\t\t\t\t\t\t\t<div class=\"elementor-field-type-checkbox elementor-field-group elementor-column elementor-field-group-field_7c1299d elementor-col-100\">\n\t\t\t\t\t\t\t\t\t\t\t\t<label for=\"form-field-field_7c1299d\" class=\"elementor-field-label\">\n\t\t\t\t\t\t\t\tDiese Tage sind f\u00fcr mich g\u00fcnstig\t\t\t\t\t\t\t<\/label>\n\t\t\t\t\t\t<div class=\"elementor-field-subgroup  elementor-subgroup-inline\"><span class=\"elementor-field-option\"><input type=\"checkbox\" value=\"Montag\" id=\"form-field-field_7c1299d-0\" name=\"form_fields[field_7c1299d][]\"> <label for=\"form-field-field_7c1299d-0\">Montag<\/label><\/span><span class=\"elementor-field-option\"><input type=\"checkbox\" value=\"Dienstag\" id=\"form-field-field_7c1299d-1\" name=\"form_fields[field_7c1299d][]\"> <label for=\"form-field-field_7c1299d-1\">Dienstag<\/label><\/span><span class=\"elementor-field-option\"><input type=\"checkbox\" value=\"Mittwoch\" id=\"form-field-field_7c1299d-2\" name=\"form_fields[field_7c1299d][]\"> <label for=\"form-field-field_7c1299d-2\">Mittwoch<\/label><\/span><span class=\"elementor-field-option\"><input type=\"checkbox\" value=\"Donnerstag\" id=\"form-field-field_7c1299d-3\" name=\"form_fields[field_7c1299d][]\"> <label for=\"form-field-field_7c1299d-3\">Donnerstag<\/label><\/span><span class=\"elementor-field-option\"><input type=\"checkbox\" value=\"Freitag\" id=\"form-field-field_7c1299d-4\" name=\"form_fields[field_7c1299d][]\"> <label for=\"form-field-field_7c1299d-4\">Freitag<\/label><\/span><span class=\"elementor-field-option\"><input type=\"checkbox\" value=\"Samstag\" id=\"form-field-field_7c1299d-5\" name=\"form_fields[field_7c1299d][]\"> <label for=\"form-field-field_7c1299d-5\">Samstag<\/label><\/span><\/div>\t\t\t\t<\/div>\n\t\t\t\t\t\t\t\t<div class=\"elementor-field-type-checkbox elementor-field-group elementor-column elementor-field-group-field_abfdc62 elementor-col-100\">\n\t\t\t\t\t\t\t\t\t\t\t\t<label for=\"form-field-field_abfdc62\" class=\"elementor-field-label\">\n\t\t\t\t\t\t\t\tDiese Uhrzeiten sind f\u00fcr mich g\u00fcnstig\t\t\t\t\t\t\t<\/label>\n\t\t\t\t\t\t<div class=\"elementor-field-subgroup  elementor-subgroup-inline\"><span class=\"elementor-field-option\"><input type=\"checkbox\" value=\"13-15Uhr\" id=\"form-field-field_abfdc62-0\" name=\"form_fields[field_abfdc62][]\"> <label for=\"form-field-field_abfdc62-0\">13-15Uhr<\/label><\/span><span class=\"elementor-field-option\"><input type=\"checkbox\" value=\"15-17Uhr\" id=\"form-field-field_abfdc62-1\" name=\"form_fields[field_abfdc62][]\"> <label for=\"form-field-field_abfdc62-1\">15-17Uhr<\/label><\/span><span class=\"elementor-field-option\"><input type=\"checkbox\" value=\"17-19Uhr\" id=\"form-field-field_abfdc62-2\" name=\"form_fields[field_abfdc62][]\"> <label for=\"form-field-field_abfdc62-2\">17-19Uhr<\/label><\/span><span class=\"elementor-field-option\"><input type=\"checkbox\" value=\"19-21Uhr\" id=\"form-field-field_abfdc62-3\" name=\"form_fields[field_abfdc62][]\"> <label for=\"form-field-field_abfdc62-3\">19-21Uhr<\/label><\/span><\/div>\t\t\t\t<\/div>\n\t\t\t\t\t\t\t\t<div class=\"elementor-field-type-checkbox elementor-field-group elementor-column elementor-field-group-field_d823a70 elementor-col-100\">\n\t\t\t\t\t\t\t\t\t\t\t\t<label for=\"form-field-field_d823a70\" class=\"elementor-field-label\">\n\t\t\t\t\t\t\t\tStandort\t\t\t\t\t\t\t<\/label>\n\t\t\t\t\t\t<div class=\"elementor-field-subgroup  \"><span class=\"elementor-field-option\"><input type=\"checkbox\" value=\"Mobile Terminvereinbarung\/ Hausbesuche\" id=\"form-field-field_d823a70-0\" name=\"form_fields[field_d823a70][]\"> <label for=\"form-field-field_d823a70-0\">Mobile Terminvereinbarung\/ Hausbesuche<\/label><\/span><span class=\"elementor-field-option\"><input type=\"checkbox\" value=\"Praxis Anjali (Charlottenburg)\" id=\"form-field-field_d823a70-1\" name=\"form_fields[field_d823a70][]\"> <label for=\"form-field-field_d823a70-1\">Praxis Anjali (Charlottenburg)<\/label><\/span><span class=\"elementor-field-option\"><input type=\"checkbox\" value=\"Jetzt &amp; Hier (Mitte)\" id=\"form-field-field_d823a70-2\" name=\"form_fields[field_d823a70][]\"> <label for=\"form-field-field_d823a70-2\">Jetzt & Hier (Mitte)<\/label><\/span><\/div>\t\t\t\t<\/div>\n\t\t\t\t\t\t\t\t<div class=\"elementor-field-type-upload elementor-field-group elementor-column elementor-field-group-field_e7001f0 elementor-col-100\">\n\t\t\t\t\t\t\t\t\t\t\t\t<label for=\"form-field-field_e7001f0\" class=\"elementor-field-label\">\n\t\t\t\t\t\t\t\tRadiologie, diagnostische Bilder, medizinische Berichte, Belege\t\t\t\t\t\t\t<\/label>\n\t\t\t\t\t\t\t\t<input type=\"file\" name=\"form_fields[field_e7001f0][]\" id=\"form-field-field_e7001f0\" class=\"elementor-field elementor-size-xl  elementor-upload-field\" multiple=\"multiple\" data-maxsize=\"20\" data-maxsize-message=\"Diese Datei \u00fcbersteigt die maximale Dateigr\u00f6\u00dfe.\">\n\n\t\t\t\t\t\t<\/div>\n\t\t\t\t\t\t\t\t<div class=\"elementor-field-type-text elementor-field-group elementor-column elementor-field-group-field_3fb8fe7 elementor-col-100\">\n\t\t\t\t\t\t\t\t\t\t\t\t<label for=\"form-field-field_3fb8fe7\" class=\"elementor-field-label\">\n\t\t\t\t\t\t\t\tNehmen Sie derzeit irgendwelche verschriebenen Schmerzmittel ein?\t\t\t\t\t\t\t<\/label>\n\t\t\t\t\t\t\t\t\t\t\t\t\t\t<input size=\"1\" type=\"text\" name=\"form_fields[field_3fb8fe7]\" id=\"form-field-field_3fb8fe7\" class=\"elementor-field elementor-size-xl  elementor-field-textual\" placeholder=\"Ibuprofen 400mg\">\n\t\t\t\t\t\t\t\t\t\t\t<\/div>\n\t\t\t\t\t\t\t\t<div class=\"elementor-field-group elementor-column elementor-field-type-submit elementor-col-100 e-form__buttons\">\n\t\t\t\t\t<button class=\"elementor-button elementor-size-sm\" type=\"submit\">\n\t\t\t\t\t\t<span class=\"elementor-button-content-wrapper\">\n\t\t\t\t\t\t\t\t\t\t\t\t\t\t\t<span class=\"elementor-button-icon\">\n\t\t\t\t\t\t\t\t\t<i aria-hidden=\"true\" class=\"far fa-check-circle\"><\/i>\t\t\t\t\t\t\t\t\t\t\t\t\t\t\t\t\t<\/span>\n\t\t\t\t\t\t\t\t\t\t\t\t\t\t\t\t\t\t\t\t\t\t<span class=\"elementor-button-text\">Senden<\/span>\n\t\t\t\t\t\t\t\t\t\t\t\t\t<\/span>\n\t\t\t\t\t<\/button>\n\t\t\t\t<\/div>\n\t\t\t<\/div>\n\t\t<\/form>\n\t\t\t\t\t\t<\/div>\n\t\t\t\t<\/div>\n\t\t\t\t\t<\/div>\n\t\t<\/div>\n\t\t\t\t\t<\/div>\n\t\t<\/section>\n\t\t<div class=\"elementor-element elementor-element-fb964c7 e-flex e-con-boxed e-con e-parent\" data-id=\"fb964c7\" data-element_type=\"container\" data-e-type=\"container\">\n\t\t\t\t\t<div class=\"e-con-inner\">\n\t\t\t\t<div class=\"elementor-element elementor-element-9352fa2 elementor-widget elementor-widget-spacer\" data-id=\"9352fa2\" data-element_type=\"widget\" data-e-type=\"widget\" data-widget_type=\"spacer.default\">\n\t\t\t\t<div class=\"elementor-widget-container\">\n\t\t\t\t\t\t\t<div class=\"elementor-spacer\">\n\t\t\t<div class=\"elementor-spacer-inner\"><\/div>\n\t\t<\/div>\n\t\t\t\t\t\t<\/div>\n\t\t\t\t<\/div>\n\t\t\t\t\t<\/div>\n\t\t\t\t<\/div>\n\t\t<div class=\"elementor-element elementor-element-bdf979c e-flex e-con-boxed e-con e-parent\" data-id=\"bdf979c\" data-element_type=\"container\" data-e-type=\"container\">\n\t\t\t\t\t<div class=\"e-con-inner\">\n\t\t\t\t<div class=\"elementor-element elementor-element-5847556 elementor-widget elementor-widget-spacer\" data-id=\"5847556\" data-element_type=\"widget\" data-e-type=\"widget\" data-widget_type=\"spacer.default\">\n\t\t\t\t<div class=\"elementor-widget-container\">\n\t\t\t\t\t\t\t<div class=\"elementor-spacer\">\n\t\t\t<div class=\"elementor-spacer-inner\"><\/div>\n\t\t<\/div>\n\t\t\t\t\t\t<\/div>\n\t\t\t\t<\/div>\n\t\t\t\t\t<\/div>\n\t\t\t\t<\/div>\n\t\t\t\t<section class=\"elementor-section elementor-top-section elementor-element elementor-element-a53b667 elementor-section-boxed elementor-section-height-default elementor-section-height-default\" data-id=\"a53b667\" data-element_type=\"section\" data-e-type=\"section\">\n\t\t\t\t\t\t<div class=\"elementor-container elementor-column-gap-default\">\n\t\t\t\t\t<div class=\"elementor-column elementor-col-100 elementor-top-column elementor-element elementor-element-9f0a7a5\" data-id=\"9f0a7a5\" data-element_type=\"column\" data-e-type=\"column\">\n\t\t\t<div class=\"elementor-widget-wrap elementor-element-populated\">\n\t\t\t\t\t\t<div class=\"elementor-element elementor-element-a2f00ce elementor-widget elementor-widget-google_maps\" data-id=\"a2f00ce\" data-element_type=\"widget\" data-e-type=\"widget\" data-widget_type=\"google_maps.default\">\n\t\t\t\t<div class=\"elementor-widget-container\">\n\t\t\t\t\t\t\t<div class=\"elementor-custom-embed\">\n\t\t\t<iframe\n\t\t\t\t\tdata-src=\"https:\/\/maps.google.com\/maps?q=nehringstr%2012%2010459%20Berlin&#038;t=m&#038;z=12&#038;output=embed&#038;iwloc=near\"\n\t\t\t\t\ttitle=\"nehringstr 12 10459 Berlin\"\n\t\t\t\t\taria-label=\"nehringstr 12 10459 Berlin\"\n\t\t\t src=\"data:image\/svg+xml;base64,PHN2ZyB3aWR0aD0iMSIgaGVpZ2h0PSIxIiB4bWxucz0iaHR0cDovL3d3dy53My5vcmcvMjAwMC9zdmciPjwvc3ZnPg==\" class=\"lazyload\" data-load-mode=\"1\"><\/iframe>\n\t\t<\/div>\n\t\t\t\t\t\t<\/div>\n\t\t\t\t<\/div>\n\t\t\t\t<div class=\"elementor-element elementor-element-062c661 elementor-widget elementor-widget-google_maps\" data-id=\"062c661\" data-element_type=\"widget\" data-e-type=\"widget\" data-widget_type=\"google_maps.default\">\n\t\t\t\t<div class=\"elementor-widget-container\">\n\t\t\t\t\t\t\t<div class=\"elementor-custom-embed\">\n\t\t\t<iframe\n\t\t\t\t\tdata-src=\"https:\/\/maps.google.com\/maps?q=auguststr%2067&#038;t=m&#038;z=14&#038;output=embed&#038;iwloc=near\"\n\t\t\t\t\ttitle=\"auguststr 67\"\n\t\t\t\t\taria-label=\"auguststr 67\"\n\t\t\t src=\"data:image\/svg+xml;base64,PHN2ZyB3aWR0aD0iMSIgaGVpZ2h0PSIxIiB4bWxucz0iaHR0cDovL3d3dy53My5vcmcvMjAwMC9zdmciPjwvc3ZnPg==\" class=\"lazyload\" data-load-mode=\"1\"><\/iframe>\n\t\t<\/div>\n\t\t\t\t\t\t<\/div>\n\t\t\t\t<\/div>\n\t\t\t\t<div class=\"elementor-element elementor-element-3420528 elementor-widget elementor-widget-hotspot\" data-id=\"3420528\" data-element_type=\"widget\" data-e-type=\"widget\" data-settings=\"{&quot;hotspot&quot;:[{&quot;_id&quot;:&quot;1d9d638&quot;,&quot;hotspot_tooltip_content&quot;:&quot;&lt;p&gt;&lt;a href=\\&quot;https:\\\/\\\/www.faszientherapie-heilpraktikerin.com\\\/anjali-praxiszentrum\\\/\\&quot;&gt;Praxis Anjali&lt;\\\/a&gt;&lt;\\\/p&gt;\\n&quot;,&quot;index&quot;:0,&quot;__dynamic__&quot;:null,&quot;hotspot_label&quot;:&quot;&quot;,&quot;hotspot_link&quot;:{&quot;url&quot;:&quot;&quot;,&quot;is_external&quot;:&quot;&quot;,&quot;nofollow&quot;:&quot;&quot;,&quot;custom_attributes&quot;:&quot;&quot;},&quot;hotspot_icon&quot;:{&quot;value&quot;:&quot;&quot;,&quot;library&quot;:&quot;&quot;},&quot;hotspot_custom_size&quot;:&quot;no&quot;,&quot;hotspot_horizontal&quot;:&quot;left&quot;,&quot;hotspot_vertical&quot;:&quot;top&quot;,&quot;hotspot_tooltip_position&quot;:&quot;no&quot;,&quot;hotspot_position&quot;:null,&quot;hotspot_position_tablet&quot;:null,&quot;hotspot_position_mobile&quot;:null,&quot;hotspot_icon_position&quot;:null,&quot;hotspot_icon_spacing&quot;:null,&quot;hotspot_width&quot;:null,&quot;hotspot_height&quot;:null,&quot;hotspot_offset_x&quot;:{&quot;unit&quot;:&quot;%&quot;,&quot;size&quot;:50,&quot;sizes&quot;:[]},&quot;hotspot_offset_x_tablet&quot;:{&quot;unit&quot;:&quot;px&quot;,&quot;size&quot;:&quot;&quot;,&quot;sizes&quot;:[]},&quot;hotspot_offset_x_mobile&quot;:{&quot;unit&quot;:&quot;px&quot;,&quot;size&quot;:&quot;&quot;,&quot;sizes&quot;:[]},&quot;hotspot_offset_y&quot;:{&quot;unit&quot;:&quot;%&quot;,&quot;size&quot;:50,&quot;sizes&quot;:[]},&quot;hotspot_offset_y_tablet&quot;:{&quot;unit&quot;:&quot;px&quot;,&quot;size&quot;:&quot;&quot;,&quot;sizes&quot;:[]},&quot;hotspot_offset_y_mobile&quot;:{&quot;unit&quot;:&quot;px&quot;,&quot;size&quot;:&quot;&quot;,&quot;sizes&quot;:[]},&quot;hotspot_tooltip_width&quot;:null,&quot;hotspot_tooltip_width_tablet&quot;:null,&quot;hotspot_tooltip_width_mobile&quot;:null,&quot;hotspot_tooltip_text_wrap&quot;:null}],&quot;hotspot_sequenced_animation&quot;:&quot;yes&quot;,&quot;hotspot_sequenced_animation_duration&quot;:{&quot;unit&quot;:&quot;px&quot;,&quot;size&quot;:&quot;&quot;,&quot;sizes&quot;:[]},&quot;tooltip_position&quot;:&quot;top&quot;,&quot;tooltip_trigger&quot;:&quot;click&quot;,&quot;tooltip_animation&quot;:&quot;e-hotspot--fade-in-out&quot;}\" data-widget_type=\"hotspot.default\">\n\t\t\t\t<div class=\"elementor-widget-container\">\n\t\t\t\t\t<img fetchpriority=\"high\" decoding=\"async\" width=\"1536\" height=\"1024\" src=\"https:\/\/joshuasnow.de\/wp-content\/uploads\/2023\/01\/IMG_9202-1536x1024.jpg\" class=\"attachment-1536x1536 size-1536x1536 wp-image-1368\" alt=\"\" srcset=\"https:\/\/joshuasnow.de\/wp-content\/uploads\/2023\/01\/IMG_9202-1536x1024.jpg 1536w, https:\/\/joshuasnow.de\/wp-content\/uploads\/2023\/01\/IMG_9202-300x200.jpg 300w, https:\/\/joshuasnow.de\/wp-content\/uploads\/2023\/01\/IMG_9202-1024x683.jpg 1024w, https:\/\/joshuasnow.de\/wp-content\/uploads\/2023\/01\/IMG_9202-768x512.jpg 768w, https:\/\/joshuasnow.de\/wp-content\/uploads\/2023\/01\/IMG_9202-2048x1365.jpg 2048w, https:\/\/joshuasnow.de\/wp-content\/uploads\/2023\/01\/IMG_9202-90x60.jpg 90w, https:\/\/joshuasnow.de\/wp-content\/uploads\/2023\/01\/IMG_9202-370x247.jpg 370w, https:\/\/joshuasnow.de\/wp-content\/uploads\/2023\/01\/IMG_9202-776x517.jpg 776w\" sizes=\"(max-width: 1536px) 100vw, 1536px\" \/>\n\t\t\t\t\t\t<div class=\"e-hotspot elementor-repeater-item-1d9d638 e-hotspot--sequenced e-hotspot--position-left e-hotspot--position-top   e-hotspot--circle\">\n\n\t\t\t\t\t\t\t\t<div class=\"e-hotspot__button e-hotspot--soft-beat\">\n\t\t\t\t\t\t\t\t\t\t\t<div class=\"e-hotspot__outer-circle\"><\/div>\n\t\t\t\t\t\t<div class=\"e-hotspot__inner-circle\"><\/div>\n\t\t\t\t\t\t\t\t\t<\/div>\n\n\t\t\t\t\t\t\t\t\t\t\t\t\t\t\t\t\t\t<div class=\"e-hotspot__tooltip  e-hotspot--tooltip-position e-hotspot--fade-in-out \" >\n\t\t\t\t\t\t<p><a href=\"https:\/\/www.faszientherapie-heilpraktikerin.com\/anjali-praxiszentrum\/\">Praxis Anjali<\/a><\/p>\n\t\t\t\t\t<\/div>\n\t\t\t\t\t\t\t\t\t\n\t\t\t<\/div>\n\n\t\n\t\t\t\t\t\t<\/div>\n\t\t\t\t<\/div>\n\t\t\t\t\t<\/div>\n\t\t<\/div>\n\t\t\t\t\t<\/div>\n\t\t<\/section>\n\t\t<div class=\"elementor-element elementor-element-a490173 e-flex e-con-boxed e-con e-parent\" data-id=\"a490173\" data-element_type=\"container\" data-e-type=\"container\">\n\t\t\t\t\t<div class=\"e-con-inner\">\n\t\t\t\t\t<\/div>\n\t\t\t\t<\/div>\n\t\t\t\t<\/div>\n\t\t","protected":false},"excerpt":{"rendered":"<p>Praxis Anjali<\/p>\n","protected":false},"author":1,"featured_media":0,"parent":0,"menu_order":0,"comment_status":"closed","ping_status":"closed","template":"","meta":{"footnotes":""},"class_list":["post-1452","page","type-page","status-publish","hentry","latest_post"],"jetpack_sharing_enabled":true,"_links":{"self":[{"href":"https:\/\/joshuasnow.de\/de\/wp-json\/wp\/v2\/pages\/1452","targetHints":{"allow":["GET"]}}],"collection":[{"href":"https:\/\/joshuasnow.de\/de\/wp-json\/wp\/v2\/pages"}],"about":[{"href":"https:\/\/joshuasnow.de\/de\/wp-json\/wp\/v2\/types\/page"}],"author":[{"embeddable":true,"href":"https:\/\/joshuasnow.de\/de\/wp-json\/wp\/v2\/users\/1"}],"replies":[{"embeddable":true,"href":"https:\/\/joshuasnow.de\/de\/wp-json\/wp\/v2\/comments?post=1452"}],"version-history":[{"count":45,"href":"https:\/\/joshuasnow.de\/de\/wp-json\/wp\/v2\/pages\/1452\/revisions"}],"predecessor-version":[{"id":4643,"href":"https:\/\/joshuasnow.de\/de\/wp-json\/wp\/v2\/pages\/1452\/revisions\/4643"}],"wp:attachment":[{"href":"https:\/\/joshuasnow.de\/de\/wp-json\/wp\/v2\/media?parent=1452"}],"curies":[{"name":"wp","href":"https:\/\/api.w.org\/{rel}","templated":true}]}}