{"id":1445,"date":"2021-10-12T20:49:50","date_gmt":"2021-10-12T18:49:50","guid":{"rendered":"https:\/\/joshuasnow.de\/buchungspolitik"},"modified":"2026-01-19T15:03:36","modified_gmt":"2026-01-19T14:03:36","slug":"buchungspolitik","status":"publish","type":"page","link":"https:\/\/joshuasnow.de\/de\/buchungspolitik\/","title":{"rendered":"Buchungspolitik"},"content":{"rendered":"\t\t<div data-elementor-type=\"wp-page\" data-elementor-id=\"1445\" class=\"elementor elementor-1445 elementor-453\" data-elementor-post-type=\"page\">\n\t\t\t\t\t\t<section class=\"elementor-section elementor-top-section elementor-element elementor-element-193117ea elementor-section-boxed elementor-section-height-default elementor-section-height-default\" data-id=\"193117ea\" data-element_type=\"section\" data-e-type=\"section\">\n\t\t\t\t\t\t<div class=\"elementor-container elementor-column-gap-default\">\n\t\t\t\t\t<div class=\"elementor-column elementor-col-100 elementor-top-column elementor-element elementor-element-5ce26f3b\" data-id=\"5ce26f3b\" data-element_type=\"column\" data-e-type=\"column\">\n\t\t\t<div class=\"elementor-widget-wrap elementor-element-populated\">\n\t\t\t\t\t\t<div class=\"elementor-element elementor-element-5d17e576 elementor-widget elementor-widget-text-editor\" data-id=\"5d17e576\" data-element_type=\"widget\" data-e-type=\"widget\" data-widget_type=\"text-editor.default\">\n\t\t\t\t<div class=\"elementor-widget-container\">\n\t\t\t\t\t\t\t\t\t<p style=\"text-align: center;\" data-start=\"53\" data-end=\"232\"><strong data-start=\"53\" data-end=\"76\">Buchungsbest\u00e4tigung<\/strong><br data-start=\"76\" data-end=\"79\" \/>Um Ihren Termin zu best\u00e4tigen, geben Sie bitte Ihre E-Mail-Adresse an. Sobald Ihr Termin best\u00e4tigt ist, erhalten Sie eine Buchungsbest\u00e4tigung per E-Mail.<\/p><p style=\"text-align: center;\" data-start=\"234\" data-end=\"367\"><strong data-start=\"234\" data-end=\"251\">Stornierungen<\/strong><br data-start=\"251\" data-end=\"254\" \/>Wir bitten Sie, Terminabsagen oder -\u00e4nderungen mindestens <strong data-start=\"312\" data-end=\"354\">48 Stunden vor dem vereinbarten Termin<\/strong> mitzuteilen.<\/p><p style=\"text-align: center;\" data-start=\"369\" data-end=\"490\">Bei Absagen mit weniger als 48 Stunden Vorlaufzeit kann eine Stornogeb\u00fchr anfallen oder die Anzahlung einbehalten werden.<\/p><p style=\"text-align: center;\" data-start=\"492\" data-end=\"511\"><strong data-start=\"492\" data-end=\"511\">Zahlungsdetails<\/strong><\/p><p style=\"text-align: center;\">Pay Pal:<\/p><p style=\"text-align: center;\"><span style=\"color: #000000;\"><a style=\"color: #000000;\" href=\"https:\/\/paypal.me\/joshfsnow?locale.x=en_US\"><span style=\"text-decoration: underline;\"><span style=\"color: #999999; text-decoration: underline;\">paypal.me\/joshuasnowmyotherapy<\/span><\/span><\/a><\/span><\/p><p style=\"text-align: center;\">Bank\u00fcberweisung:<\/p><p style=\"text-align: center;\">Joshua Snow<\/p><p style=\"text-align: center;\">Bank: N26<\/p><p style=\"text-align: center;\">IBAN: DE19 100110012628332715<\/p><p style=\"text-align: center;\">BIC: NTSBDEB1XXX<\/p>\t\t\t\t\t\t\t\t<\/div>\n\t\t\t\t<\/div>\n\t\t\t\t\t<\/div>\n\t\t<\/div>\n\t\t\t\t\t<\/div>\n\t\t<\/section>\n\t\t\t\t<section class=\"elementor-section elementor-top-section elementor-element elementor-element-80f9f8d elementor-section-boxed elementor-section-height-default elementor-section-height-default\" data-id=\"80f9f8d\" data-element_type=\"section\" data-e-type=\"section\">\n\t\t\t\t\t\t<div class=\"elementor-container elementor-column-gap-default\">\n\t\t\t\t\t<div class=\"elementor-column elementor-col-25 elementor-top-column elementor-element elementor-element-df48742\" data-id=\"df48742\" data-element_type=\"column\" data-e-type=\"column\">\n\t\t\t<div class=\"elementor-widget-wrap\">\n\t\t\t\t\t\t\t<\/div>\n\t\t<\/div>\n\t\t\t\t<div class=\"elementor-column elementor-col-50 elementor-top-column elementor-element elementor-element-0e83eea\" data-id=\"0e83eea\" data-element_type=\"column\" data-e-type=\"column\">\n\t\t\t<div class=\"elementor-widget-wrap\">\n\t\t\t\t\t\t\t<\/div>\n\t\t<\/div>\n\t\t\t\t<div class=\"elementor-column elementor-col-25 elementor-top-column elementor-element elementor-element-1cd40f9\" data-id=\"1cd40f9\" data-element_type=\"column\" data-e-type=\"column\">\n\t\t\t<div class=\"elementor-widget-wrap\">\n\t\t\t\t\t\t\t<\/div>\n\t\t<\/div>\n\t\t\t\t\t<\/div>\n\t\t<\/section>\n\t\t\t\t<\/div>\n\t\t","protected":false},"excerpt":{"rendered":"<p>Buchungsbest\u00e4tigungUm Ihren Termin zu best\u00e4tigen, geben Sie bitte Ihre E-Mail-Adresse an. Sobald Ihr Termin best\u00e4tigt ist, erhalten Sie eine Buchungsbest\u00e4tigung per E-Mail. StornierungenWir bitten Sie, Terminabsagen oder -\u00e4nderungen mindestens 48 &hellip; <\/p>\n","protected":false},"author":1,"featured_media":0,"parent":0,"menu_order":0,"comment_status":"closed","ping_status":"closed","template":"","meta":{"footnotes":""},"class_list":["post-1445","page","type-page","status-publish","hentry","latest_post"],"jetpack_sharing_enabled":true,"_links":{"self":[{"href":"https:\/\/joshuasnow.de\/de\/wp-json\/wp\/v2\/pages\/1445","targetHints":{"allow":["GET"]}}],"collection":[{"href":"https:\/\/joshuasnow.de\/de\/wp-json\/wp\/v2\/pages"}],"about":[{"href":"https:\/\/joshuasnow.de\/de\/wp-json\/wp\/v2\/types\/page"}],"author":[{"embeddable":true,"href":"https:\/\/joshuasnow.de\/de\/wp-json\/wp\/v2\/users\/1"}],"replies":[{"embeddable":true,"href":"https:\/\/joshuasnow.de\/de\/wp-json\/wp\/v2\/comments?post=1445"}],"version-history":[{"count":28,"href":"https:\/\/joshuasnow.de\/de\/wp-json\/wp\/v2\/pages\/1445\/revisions"}],"predecessor-version":[{"id":7803,"href":"https:\/\/joshuasnow.de\/de\/wp-json\/wp\/v2\/pages\/1445\/revisions\/7803"}],"wp:attachment":[{"href":"https:\/\/joshuasnow.de\/de\/wp-json\/wp\/v2\/media?parent=1445"}],"curies":[{"name":"wp","href":"https:\/\/api.w.org\/{rel}","templated":true}]}}