{"id":1424,"date":"2021-10-10T21:52:07","date_gmt":"2021-10-10T19:52:07","guid":{"rendered":"https:\/\/joshuasnow.de\/impressum"},"modified":"2024-05-03T18:59:13","modified_gmt":"2024-05-03T16:59:13","slug":"impressum","status":"publish","type":"page","link":"https:\/\/joshuasnow.de\/de\/impressum\/","title":{"rendered":"Impressum"},"content":{"rendered":"\t\t<div data-elementor-type=\"wp-page\" data-elementor-id=\"1424\" class=\"elementor elementor-1424 elementor-377\" data-elementor-post-type=\"page\">\n\t\t\t\t\t\t<section class=\"elementor-section elementor-top-section elementor-element elementor-element-f38bb96 elementor-section-boxed elementor-section-height-default elementor-section-height-default\" data-id=\"f38bb96\" data-element_type=\"section\" data-e-type=\"section\">\n\t\t\t\t\t\t<div class=\"elementor-container elementor-column-gap-default\">\n\t\t\t\t\t<div class=\"elementor-column elementor-col-100 elementor-top-column elementor-element elementor-element-889d74c\" data-id=\"889d74c\" data-element_type=\"column\" data-e-type=\"column\">\n\t\t\t<div class=\"elementor-widget-wrap elementor-element-populated\">\n\t\t\t\t\t\t<div class=\"elementor-element elementor-element-5dc0824 elementor-widget elementor-widget-text-editor\" data-id=\"5dc0824\" data-element_type=\"widget\" data-e-type=\"widget\" data-widget_type=\"text-editor.default\">\n\t\t\t\t<div class=\"elementor-widget-container\">\n\t\t\t\t\t\t\t\t\t<p style=\"font-family: 'Open Sans'; font-size: 15px; line-height: 1.6em; margin-right: 0px; margin-bottom: 1em; margin-left: 0px; overflow-wrap: break-word; color: #2e2e2e;\">Joshua Snow<\/p><p style=\"font-family: 'Open Sans'; font-size: 15px; line-height: 1.6em; margin-right: 0px; margin-bottom: 1em; margin-left: 0px; overflow-wrap: break-word; color: #2e2e2e;\">Nehringstr 17 (Keine Praxis)<\/p><p style=\"font-family: 'Open Sans'; font-size: 15px; line-height: 1.6em; margin-right: 0px; margin-bottom: 1em; margin-left: 0px; overflow-wrap: break-word; color: #2e2e2e;\">14059 Berlin<\/p><p style=\"font-family: 'Open Sans'; font-size: 15px; line-height: 1.6em; margin-right: 0px; margin-bottom: 1em; margin-left: 0px; overflow-wrap: break-word; color: #2e2e2e;\">js@joshuasnow.de<\/p><p style=\"font-family: 'Open Sans'; font-size: 15px; line-height: 1.6em; margin-right: 0px; margin-bottom: 1em; margin-left: 0px; overflow-wrap: break-word; color: #2e2e2e;\"><span style=\"font-weight: var( --e-global-typography-text-font-weight );\">joshuasnow.de wird vertreten durch: Joshua F. Snow<\/span><\/p><p style=\"font-family: 'Open Sans'; font-size: 15px; line-height: 1.6em; margin-right: 0px; margin-bottom: 1em; margin-left: 0px; overflow-wrap: break-word; color: #2e2e2e;\"><strong style=\"font-weight: bold; overflow-wrap: break-word;\">Inhaltlich Verantwortlicher gem\u00e4\u00df \u00a7 55 Rundfunkstaatsvertrag:<\/strong>\u00a0Joshua F. Snow<\/p><p style=\"font-family: 'Open Sans'; font-size: 15px; line-height: 1.6em; margin-right: 0px; margin-bottom: 1em; margin-left: 0px; overflow-wrap: break-word; color: #2e2e2e;\"><strong style=\"font-weight: bold; overflow-wrap: break-word;\">Haftungshinweis:<\/strong>\u00a0Trotz sorgf\u00e4ltiger inhaltlicher Kontrolle \u00fcbernehmen wir keine Haftung f\u00fcr die Inhalte externer Links. F\u00fcr den Inhalt der verlinkten Seiten sind ausschlie\u00dflich deren Betreiber verantwortlich.<\/p><p style=\"font-family: 'Open Sans'; font-size: 15px; line-height: 1.6em; margin-right: 0px; margin-bottom: 1em; margin-left: 0px; overflow-wrap: break-word; color: #2e2e2e;\">Tel: +49 (0)\u00a0 160 9203 8642<\/p>\t\t\t\t\t\t\t\t<\/div>\n\t\t\t\t<\/div>\n\t\t\t\t\t<\/div>\n\t\t<\/div>\n\t\t\t\t\t<\/div>\n\t\t<\/section>\n\t\t\t\t<\/div>\n\t\t","protected":false},"excerpt":{"rendered":"<p>Joshua Snow Nehringstr 17 (Keine Praxis) 14059 Berlin js@joshuasnow.de joshuasnow.de wird vertreten durch: Joshua F. Snow Inhaltlich Verantwortlicher gem\u00e4\u00df \u00a7 55 Rundfunkstaatsvertrag:\u00a0Joshua F. Snow Haftungshinweis:\u00a0Trotz sorgf\u00e4ltiger inhaltlicher Kontrolle \u00fcbernehmen wir &hellip; <\/p>\n","protected":false},"author":1,"featured_media":0,"parent":0,"menu_order":0,"comment_status":"closed","ping_status":"closed","template":"","meta":{"footnotes":""},"class_list":["post-1424","page","type-page","status-publish","hentry","latest_post"],"jetpack_sharing_enabled":true,"_links":{"self":[{"href":"https:\/\/joshuasnow.de\/de\/wp-json\/wp\/v2\/pages\/1424","targetHints":{"allow":["GET"]}}],"collection":[{"href":"https:\/\/joshuasnow.de\/de\/wp-json\/wp\/v2\/pages"}],"about":[{"href":"https:\/\/joshuasnow.de\/de\/wp-json\/wp\/v2\/types\/page"}],"author":[{"embeddable":true,"href":"https:\/\/joshuasnow.de\/de\/wp-json\/wp\/v2\/users\/1"}],"replies":[{"embeddable":true,"href":"https:\/\/joshuasnow.de\/de\/wp-json\/wp\/v2\/comments?post=1424"}],"version-history":[{"count":9,"href":"https:\/\/joshuasnow.de\/de\/wp-json\/wp\/v2\/pages\/1424\/revisions"}],"predecessor-version":[{"id":2815,"href":"https:\/\/joshuasnow.de\/de\/wp-json\/wp\/v2\/pages\/1424\/revisions\/2815"}],"wp:attachment":[{"href":"https:\/\/joshuasnow.de\/de\/wp-json\/wp\/v2\/media?parent=1424"}],"curies":[{"name":"wp","href":"https:\/\/api.w.org\/{rel}","templated":true}]}}